{"id":12,"date":"2024-04-18T10:04:31","date_gmt":"2024-04-18T10:04:31","guid":{"rendered":"http:\/\/ctrlz.net\/?page_id=12"},"modified":"2024-05-15T08:21:05","modified_gmt":"2024-05-15T08:21:05","slug":"aviso-legal","status":"publish","type":"page","link":"http:\/\/ctrlz.net\/fr\/aviso-legal\/","title":{"rendered":"Mentions l\u00e9gales"},"content":{"rendered":"<div data-elementor-type=\"wp-page\" data-elementor-id=\"12\" class=\"elementor elementor-12\" data-elementor-post-type=\"page\">\n\t\t\t\t<div class=\"elementor-element elementor-element-48700552 e-flex e-con-boxed e-con e-parent\" data-id=\"48700552\" data-element_type=\"container\" data-settings=\"{&quot;background_background&quot;:&quot;classic&quot;}\">\n\t\t\t\t\t<div class=\"e-con-inner\">\n\t\t\t\t\t<\/div>\n\t\t\t\t<\/div>\n\t\t<div class=\"elementor-element elementor-element-6a84cd84 e-flex e-con-boxed e-con e-parent\" data-id=\"6a84cd84\" data-element_type=\"container\" data-settings=\"{&quot;background_background&quot;:&quot;classic&quot;}\">\n\t\t\t\t\t<div class=\"e-con-inner\">\n\t\t\t\t<div class=\"elementor-element elementor-element-631eb3bb elementor-widget elementor-widget-heading\" data-id=\"631eb3bb\" data-element_type=\"widget\" data-widget_type=\"heading.default\">\n\t\t\t\t<div class=\"elementor-widget-container\">\n\t\t\t\t\t<h2 class=\"elementor-heading-title elementor-size-default\">Propri\u00e9t\u00e9 du site Web<\/h2>\t\t\t\t<\/div>\n\t\t\t\t<\/div>\n\t\t\t\t<div class=\"elementor-element elementor-element-7913962b elementor-widget elementor-widget-text-editor\" data-id=\"7913962b\" data-element_type=\"widget\" data-widget_type=\"text-editor.default\">\n\t\t\t\t<div class=\"elementor-widget-container\">\n\t\t\t\t\t\t\t\t\t<p>Ce site Web est la propri\u00e9t\u00e9 de Gianluca Stasi, avec NIF X5872534J. L&#039;utilisation de ce site implique l&#039;acceptation des termes et conditions contenus dans les pr\u00e9sentes mentions l\u00e9gales.<\/p>\t\t\t\t\t\t\t\t<\/div>\n\t\t\t\t<\/div>\n\t\t\t\t<div class=\"elementor-element elementor-element-7caeebf2 elementor-widget elementor-widget-heading\" data-id=\"7caeebf2\" data-element_type=\"widget\" data-widget_type=\"heading.default\">\n\t\t\t\t<div class=\"elementor-widget-container\">\n\t\t\t\t\t<h2 class=\"elementor-heading-title elementor-size-default\">Propri\u00e9t\u00e9 intellectuelle<\/h2>\t\t\t\t<\/div>\n\t\t\t\t<\/div>\n\t\t\t\t<div class=\"elementor-element elementor-element-6a65bc30 elementor-widget elementor-widget-text-editor\" data-id=\"6a65bc30\" data-element_type=\"widget\" data-widget_type=\"text-editor.default\">\n\t\t\t\t<div class=\"elementor-widget-container\">\n\t\t\t\t\t\t\t\t\t<p>Tout le contenu publi\u00e9 sur ce site, y compris les textes, graphiques, logos, images, ainsi que leur disposition, sont la propri\u00e9t\u00e9 de Gianluca Stasi ou de ses collaborateurs et sont prot\u00e9g\u00e9s par les lois sur la propri\u00e9t\u00e9 intellectuelle et industrielle. Toute reproduction, distribution, communication publique ou transformation de ces contenus n\u00e9cessite l&#039;accord \u00e9crit pr\u00e9alable de Gianluca Stasi.<\/p>\t\t\t\t\t\t\t\t<\/div>\n\t\t\t\t<\/div>\n\t\t\t\t<div class=\"elementor-element elementor-element-7e4d13a1 elementor-widget elementor-widget-heading\" data-id=\"7e4d13a1\" data-element_type=\"widget\" data-widget_type=\"heading.default\">\n\t\t\t\t<div class=\"elementor-widget-container\">\n\t\t\t\t\t<h2 class=\"elementor-heading-title elementor-size-default\">Responsabilit\u00e9 du contenu<\/h2>\t\t\t\t<\/div>\n\t\t\t\t<\/div>\n\t\t\t\t<div class=\"elementor-element elementor-element-2ac91fc0 elementor-widget elementor-widget-text-editor\" data-id=\"2ac91fc0\" data-element_type=\"widget\" data-widget_type=\"text-editor.default\">\n\t\t\t\t<div class=\"elementor-widget-container\">\n\t\t\t\t\t\t\t\t\t<p>Gianluca Stasi s&#039;efforce de fournir des informations actualis\u00e9es et exactes. Toutefois, il n&#039;assume aucune responsabilit\u00e9 quant au manque d&#039;exactitude, d&#039;exhaustivit\u00e9 ou de mise \u00e0 jour des donn\u00e9es ou informations publi\u00e9es sur ce site.<\/p>\t\t\t\t\t\t\t\t<\/div>\n\t\t\t\t<\/div>\n\t\t\t\t<div class=\"elementor-element elementor-element-2849700c elementor-widget elementor-widget-heading\" data-id=\"2849700c\" data-element_type=\"widget\" data-widget_type=\"heading.default\">\n\t\t\t\t<div class=\"elementor-widget-container\">\n\t\t\t\t\t<h2 class=\"elementor-heading-title elementor-size-default\">Liens externes<\/h2>\t\t\t\t<\/div>\n\t\t\t\t<\/div>\n\t\t\t\t<div class=\"elementor-element elementor-element-1d9d44f0 elementor-widget elementor-widget-text-editor\" data-id=\"1d9d44f0\" data-element_type=\"widget\" data-widget_type=\"text-editor.default\">\n\t\t\t\t<div class=\"elementor-widget-container\">\n\t\t\t\t\t\t\t\t\t<p>Ce site Web peut contenir des liens vers des sites Web externes dont le contenu n&#039;est pas contr\u00f4l\u00e9 par Gianluca Stasi. Par cons\u00e9quent, aucune responsabilit\u00e9 n\u2019est assum\u00e9e quant aux informations ou au contenu des liens externes.<\/p>\t\t\t\t\t\t\t\t<\/div>\n\t\t\t\t<\/div>\n\t\t\t\t<div class=\"elementor-element elementor-element-675aefb2 elementor-widget elementor-widget-heading\" data-id=\"675aefb2\" data-element_type=\"widget\" data-widget_type=\"heading.default\">\n\t\t\t\t<div class=\"elementor-widget-container\">\n\t\t\t\t\t<h2 class=\"elementor-heading-title elementor-size-default\">Protection des donn\u00e9es personnelles<\/h2>\t\t\t\t<\/div>\n\t\t\t\t<\/div>\n\t\t\t\t<div class=\"elementor-element elementor-element-4182712a elementor-widget elementor-widget-text-editor\" data-id=\"4182712a\" data-element_type=\"widget\" data-widget_type=\"text-editor.default\">\n\t\t\t\t<div class=\"elementor-widget-container\">\n\t\t\t\t\t\t\t\t\t<p>La politique de confidentialit\u00e9, qui se trouve dans une section distincte de ce site Web, d\u00e9crit la mani\u00e8re dont les donn\u00e9es personnelles des utilisateurs sont collect\u00e9es et trait\u00e9es. Gianluca Stasi s&#039;engage \u00e0 traiter lesdites donn\u00e9es conform\u00e9ment \u00e0 la l\u00e9gislation en vigueur sur la protection des donn\u00e9es.<\/p>\t\t\t\t\t\t\t\t<\/div>\n\t\t\t\t<\/div>\n\t\t\t\t<div class=\"elementor-element elementor-element-561d388 elementor-widget elementor-widget-heading\" data-id=\"561d388\" data-element_type=\"widget\" data-widget_type=\"heading.default\">\n\t\t\t\t<div class=\"elementor-widget-container\">\n\t\t\t\t\t<h2 class=\"elementor-heading-title elementor-size-default\">Modifications des mentions l\u00e9gales<\/h2>\t\t\t\t<\/div>\n\t\t\t\t<\/div>\n\t\t\t\t<div class=\"elementor-element elementor-element-514928ec elementor-widget elementor-widget-text-editor\" data-id=\"514928ec\" data-element_type=\"widget\" data-widget_type=\"text-editor.default\">\n\t\t\t\t<div class=\"elementor-widget-container\">\n\t\t\t\t\t\t\t\t\t<p>Gianluca Stasi se r\u00e9serve le droit de modifier ces mentions l\u00e9gales \u00e0 tout moment, et il appartient \u00e0 l&#039;utilisateur de consulter r\u00e9guli\u00e8rement cet espace pour \u00eatre inform\u00e9 de toute modification.<\/p>\t\t\t\t\t\t\t\t<\/div>\n\t\t\t\t<\/div>\n\t\t\t\t<div class=\"elementor-element elementor-element-de8bd2b elementor-widget elementor-widget-heading\" data-id=\"de8bd2b\" data-element_type=\"widget\" data-widget_type=\"heading.default\">\n\t\t\t\t<div class=\"elementor-widget-container\">\n\t\t\t\t\t<h2 class=\"elementor-heading-title elementor-size-default\">L\u00e9gislation et juridiction<\/h2>\t\t\t\t<\/div>\n\t\t\t\t<\/div>\n\t\t\t\t<div class=\"elementor-element elementor-element-e6b2469 elementor-widget elementor-widget-text-editor\" data-id=\"e6b2469\" data-element_type=\"widget\" data-widget_type=\"text-editor.default\">\n\t\t\t\t<div class=\"elementor-widget-container\">\n\t\t\t\t\t\t\t\t\t<p>Pour tout litige li\u00e9 aux pr\u00e9sentes mentions l\u00e9gales, la l\u00e9gislation espagnole s&#039;appliquera, les tribunaux de la ville de S\u00e9ville \u00e9tant comp\u00e9tents.<\/p>\t\t\t\t\t\t\t\t<\/div>\n\t\t\t\t<\/div>\n\t\t\t\t<div class=\"elementor-element elementor-element-19fcf8fe elementor-widget elementor-widget-heading\" data-id=\"19fcf8fe\" data-element_type=\"widget\" data-widget_type=\"heading.default\">\n\t\t\t\t<div class=\"elementor-widget-container\">\n\t\t\t\t\t<h2 class=\"elementor-heading-title elementor-size-default\">Contact<\/h2>\t\t\t\t<\/div>\n\t\t\t\t<\/div>\n\t\t\t\t<div class=\"elementor-element elementor-element-257ea192 elementor-widget elementor-widget-text-editor\" data-id=\"257ea192\" data-element_type=\"widget\" data-widget_type=\"text-editor.default\">\n\t\t\t\t<div class=\"elementor-widget-container\">\n\t\t\t\t\t\t\t\t\t<p>Pour toute question relative \u00e0 ces mentions l\u00e9gales, veuillez contacter Gianluca Stasi par e-mail luca@ctrlz.net ou par t\u00e9l\u00e9phone 605 237 272.<\/p>\t\t\t\t\t\t\t\t<\/div>\n\t\t\t\t<\/div>\n\t\t\t\t\t<\/div>\n\t\t\t\t<\/div>\n\t\t<div class=\"elementor-element elementor-element-3ec2f0a e-flex e-con-boxed e-con e-parent\" data-id=\"3ec2f0a\" data-element_type=\"container\" data-settings=\"{&quot;background_background&quot;:&quot;classic&quot;}\">\n\t\t\t\t\t<div class=\"e-con-inner\">\n\t\t\t\t\t<\/div>\n\t\t\t\t<\/div>\n\t\t\t\t<\/div>","protected":false},"excerpt":{"rendered":"<p>Propri\u00e9t\u00e9 du site Web Ce site Web est la propri\u00e9t\u00e9 de Gianluca Stasi, avec NIF X5872534J. L&#039;utilisation de ce site implique l&#039;acceptation des termes et conditions contenus dans les pr\u00e9sentes mentions l\u00e9gales. Propri\u00e9t\u00e9 intellectuelle L&#039;ensemble du contenu publi\u00e9 sur ce site Internet, notamment les textes, graphiques, logos, images, ainsi que leur disposition, [\u2026]<\/p>","protected":false},"author":2,"featured_media":0,"parent":0,"menu_order":0,"comment_status":"closed","ping_status":"closed","template":"","meta":{"footnotes":""},"class_list":["post-12","page","type-page","status-publish","hentry"],"_links":{"self":[{"href":"http:\/\/ctrlz.net\/fr\/wp-json\/wp\/v2\/pages\/12","targetHints":{"allow":["GET"]}}],"collection":[{"href":"http:\/\/ctrlz.net\/fr\/wp-json\/wp\/v2\/pages"}],"about":[{"href":"http:\/\/ctrlz.net\/fr\/wp-json\/wp\/v2\/types\/page"}],"author":[{"embeddable":true,"href":"http:\/\/ctrlz.net\/fr\/wp-json\/wp\/v2\/users\/2"}],"replies":[{"embeddable":true,"href":"http:\/\/ctrlz.net\/fr\/wp-json\/wp\/v2\/comments?post=12"}],"version-history":[{"count":13,"href":"http:\/\/ctrlz.net\/fr\/wp-json\/wp\/v2\/pages\/12\/revisions"}],"predecessor-version":[{"id":4249,"href":"http:\/\/ctrlz.net\/fr\/wp-json\/wp\/v2\/pages\/12\/revisions\/4249"}],"wp:attachment":[{"href":"http:\/\/ctrlz.net\/fr\/wp-json\/wp\/v2\/media?parent=12"}],"curies":[{"name":"wp","href":"https:\/\/api.w.org\/{rel}","templated":true}]}}