{"id":17,"date":"2024-04-18T10:07:03","date_gmt":"2024-04-18T10:07:03","guid":{"rendered":"http:\/\/ctrlz.net\/?page_id=17"},"modified":"2024-05-15T08:18:49","modified_gmt":"2024-05-15T08:18:49","slug":"politica-de-privacidad","status":"publish","type":"page","link":"http:\/\/ctrlz.net\/fr\/politica-de-privacidad\/","title":{"rendered":"politique de confidentialit\u00e9"},"content":{"rendered":"<div data-elementor-type=\"wp-page\" data-elementor-id=\"17\" class=\"elementor elementor-17\" data-elementor-post-type=\"page\">\n\t\t\t\t<div class=\"elementor-element elementor-element-423f93f e-flex e-con-boxed e-con e-parent\" data-id=\"423f93f\" data-element_type=\"container\" data-settings=\"{&quot;background_background&quot;:&quot;classic&quot;}\">\n\t\t\t\t\t<div class=\"e-con-inner\">\n\t\t\t\t\t<\/div>\n\t\t\t\t<\/div>\n\t\t<div class=\"elementor-element elementor-element-953cb17 e-flex e-con-boxed e-con e-parent\" data-id=\"953cb17\" data-element_type=\"container\" data-settings=\"{&quot;background_background&quot;:&quot;classic&quot;}\">\n\t\t\t\t\t<div class=\"e-con-inner\">\n\t\t\t\t<div class=\"elementor-element elementor-element-d0071ef elementor-widget elementor-widget-heading\" data-id=\"d0071ef\" data-element_type=\"widget\" data-widget_type=\"heading.default\">\n\t\t\t\t<div class=\"elementor-widget-container\">\n\t\t\t\t\t<h2 class=\"elementor-heading-title elementor-size-default\">Identification du responsable du traitement<\/h2>\t\t\t\t<\/div>\n\t\t\t\t<\/div>\n\t\t\t\t<div class=\"elementor-element elementor-element-c6f9767 elementor-widget elementor-widget-text-editor\" data-id=\"c6f9767\" data-element_type=\"widget\" data-widget_type=\"text-editor.default\">\n\t\t\t\t<div class=\"elementor-widget-container\">\n\t\t\t\t\t\t\t\t\t<p>Gianluca Stasi, avec NIF X5872534J, est responsable du traitement de vos donn\u00e9es personnelles. Pour toute question relative \u00e0 vos donn\u00e9es personnelles, vous pouvez nous contacter via l&#039;e-mail qui appara\u00eet en bas de page<\/p>\t\t\t\t\t\t\t\t<\/div>\n\t\t\t\t<\/div>\n\t\t\t\t<div class=\"elementor-element elementor-element-8194e83 elementor-widget elementor-widget-heading\" data-id=\"8194e83\" data-element_type=\"widget\" data-widget_type=\"heading.default\">\n\t\t\t\t<div class=\"elementor-widget-container\">\n\t\t\t\t\t<h2 class=\"elementor-heading-title elementor-size-default\">Collecte et utilisation des informations personnelles<\/h2>\t\t\t\t<\/div>\n\t\t\t\t<\/div>\n\t\t\t\t<div class=\"elementor-element elementor-element-74dd7c1 elementor-widget elementor-widget-text-editor\" data-id=\"74dd7c1\" data-element_type=\"widget\" data-widget_type=\"text-editor.default\">\n\t\t\t\t<div class=\"elementor-widget-container\">\n\t\t\t\t\t\t\t\t\t<p>Engag\u00e9s \u00e0 prot\u00e9ger votre vie priv\u00e9e, nous collectons des informations personnelles telles que le nom, l&#039;adresse e-mail et le num\u00e9ro de t\u00e9l\u00e9phone, obtenues via des formulaires de contact, des abonnements \u00e0 la newsletter ou d&#039;autres interactions. Ces informations sont utilis\u00e9es pour r\u00e9pondre \u00e0 vos questions, am\u00e9liorer nos services et, avec votre accord pr\u00e9alable, vous adresser des informations relatives \u00e0 nos activit\u00e9s et actualit\u00e9s.<\/p>\t\t\t\t\t\t\t\t<\/div>\n\t\t\t\t<\/div>\n\t\t\t\t<div class=\"elementor-element elementor-element-d6ac18e elementor-widget elementor-widget-heading\" data-id=\"d6ac18e\" data-element_type=\"widget\" data-widget_type=\"heading.default\">\n\t\t\t\t<div class=\"elementor-widget-container\">\n\t\t\t\t\t<h2 class=\"elementor-heading-title elementor-size-default\">S\u00e9curit\u00e9 des donn\u00e9es<\/h2>\t\t\t\t<\/div>\n\t\t\t\t<\/div>\n\t\t\t\t<div class=\"elementor-element elementor-element-35ee20a elementor-widget elementor-widget-text-editor\" data-id=\"35ee20a\" data-element_type=\"widget\" data-widget_type=\"text-editor.default\">\n\t\t\t\t<div class=\"elementor-widget-container\">\n\t\t\t\t\t\t\t\t\t<p>Nous prenons les mesures techniques et organisationnelles appropri\u00e9es pour prot\u00e9ger vos donn\u00e9es personnelles contre tout acc\u00e8s non autoris\u00e9, modification, divulgation ou destruction inappropri\u00e9e. M\u00eame si nous garantissons un haut niveau de s\u00e9curit\u00e9, il est important de rappeler qu\u2019aucun syst\u00e8me n\u2019est totalement infaillible.<\/p>\t\t\t\t\t\t\t\t<\/div>\n\t\t\t\t<\/div>\n\t\t\t\t<div class=\"elementor-element elementor-element-9316469 elementor-widget elementor-widget-heading\" data-id=\"9316469\" data-element_type=\"widget\" data-widget_type=\"heading.default\">\n\t\t\t\t<div class=\"elementor-widget-container\">\n\t\t\t\t\t<h2 class=\"elementor-heading-title elementor-size-default\">Acc\u00e8s et rectification des donn\u00e9es<\/h2>\t\t\t\t<\/div>\n\t\t\t\t<\/div>\n\t\t\t\t<div class=\"elementor-element elementor-element-19c4156 elementor-widget elementor-widget-text-editor\" data-id=\"19c4156\" data-element_type=\"widget\" data-widget_type=\"text-editor.default\">\n\t\t\t\t<div class=\"elementor-widget-container\">\n\t\t\t\t\t\t\t\t\t<p>Vous disposez d&#039;un droit d&#039;acc\u00e8s, de rectification, d&#039;annulation ou d&#039;opposition au traitement de vos donn\u00e9es personnelles. Pour exercer ces droits, veuillez nous contacter par les moyens mis \u00e0 votre disposition.<\/p>\t\t\t\t\t\t\t\t<\/div>\n\t\t\t\t<\/div>\n\t\t\t\t<div class=\"elementor-element elementor-element-769b1ce elementor-widget elementor-widget-heading\" data-id=\"769b1ce\" data-element_type=\"widget\" data-widget_type=\"heading.default\">\n\t\t\t\t<div class=\"elementor-widget-container\">\n\t\t\t\t\t<h2 class=\"elementor-heading-title elementor-size-default\">Partage d&#039;informations<\/h2>\t\t\t\t<\/div>\n\t\t\t\t<\/div>\n\t\t\t\t<div class=\"elementor-element elementor-element-7593dcb elementor-widget elementor-widget-text-editor\" data-id=\"7593dcb\" data-element_type=\"widget\" data-widget_type=\"text-editor.default\">\n\t\t\t\t<div class=\"elementor-widget-container\">\n\t\t\t\t\t\t\t\t\t<p>Vos informations personnelles ne seront pas vendues, \u00e9chang\u00e9es ou lou\u00e9es \u00e0 des tiers. Nous partagerons uniquement les informations avec des tiers de confiance n\u00e9cessaires au fonctionnement du site Internet et toujours avec votre autorisation explicite.<\/p>\t\t\t\t\t\t\t\t<\/div>\n\t\t\t\t<\/div>\n\t\t\t\t<div class=\"elementor-element elementor-element-74b8bf0 elementor-widget elementor-widget-heading\" data-id=\"74b8bf0\" data-element_type=\"widget\" data-widget_type=\"heading.default\">\n\t\t\t\t<div class=\"elementor-widget-container\">\n\t\t\t\t\t<h2 class=\"elementor-heading-title elementor-size-default\">Modifications de la politique de confidentialit\u00e9<\/h2>\t\t\t\t<\/div>\n\t\t\t\t<\/div>\n\t\t\t\t<div class=\"elementor-element elementor-element-c42c259 elementor-widget elementor-widget-text-editor\" data-id=\"c42c259\" data-element_type=\"widget\" data-widget_type=\"text-editor.default\">\n\t\t\t\t<div class=\"elementor-widget-container\">\n\t\t\t\t\t\t\t\t\t<p>Nous nous r\u00e9servons le droit de modifier cette politique de confidentialit\u00e9 \u00e0 tout moment. Il est recommand\u00e9 de revoir p\u00e9riodiquement cette politique. Les modifications entreront en vigueur d\u00e8s leur publication sur le site Web.<\/p>\t\t\t\t\t\t\t\t<\/div>\n\t\t\t\t<\/div>\n\t\t\t\t<div class=\"elementor-element elementor-element-7f97339 elementor-widget elementor-widget-heading\" data-id=\"7f97339\" data-element_type=\"widget\" data-widget_type=\"heading.default\">\n\t\t\t\t<div class=\"elementor-widget-container\">\n\t\t\t\t\t<h2 class=\"elementor-heading-title elementor-size-default\">Contact<\/h2>\t\t\t\t<\/div>\n\t\t\t\t<\/div>\n\t\t\t\t<div class=\"elementor-element elementor-element-707f959 elementor-widget elementor-widget-text-editor\" data-id=\"707f959\" data-element_type=\"widget\" data-widget_type=\"text-editor.default\">\n\t\t\t\t<div class=\"elementor-widget-container\">\n\t\t\t\t\t\t\t\t\t<p>Pour toute question concernant cette politique de confidentialit\u00e9, veuillez contacter Gianluca Stasi \u00e0 l&#039;adresse e-mail\u00a0:<\/p>\t\t\t\t\t\t\t\t<\/div>\n\t\t\t\t<\/div>\n\t\t\t\t<div class=\"elementor-element elementor-element-4924625 elementor-widget elementor-widget-image\" data-id=\"4924625\" data-element_type=\"widget\" data-widget_type=\"image.default\">\n\t\t\t\t<div class=\"elementor-widget-container\">\n\t\t\t\t\t\t\t\t\t\t\t\t\t\t\t<img decoding=\"async\" width=\"162\" height=\"39\" src=\"https:\/\/ctrlz.net\/wp-content\/uploads\/2024\/04\/Frame-2-1.png\" class=\"attachment-medium size-medium wp-image-542\" alt=\"\" srcset=\"https:\/\/ctrlz.net\/wp-content\/uploads\/2024\/04\/Frame-2-1.png 162w, https:\/\/ctrlz.net\/wp-content\/uploads\/2024\/04\/Frame-2-1-18x4.png 18w\" sizes=\"(max-width: 162px) 100vw, 162px\" \/>\t\t\t\t\t\t\t\t\t\t\t\t\t\t\t<\/div>\n\t\t\t\t<\/div>\n\t\t\t\t\t<\/div>\n\t\t\t\t<\/div>\n\t\t<div class=\"elementor-element elementor-element-ffc6f23 e-flex e-con-boxed e-con e-parent\" data-id=\"ffc6f23\" data-element_type=\"container\" data-settings=\"{&quot;background_background&quot;:&quot;classic&quot;}\">\n\t\t\t\t\t<div class=\"e-con-inner\">\n\t\t\t\t\t<\/div>\n\t\t\t\t<\/div>\n\t\t\t\t<\/div>","protected":false},"excerpt":{"rendered":"<p>Identification du responsable du traitement Gianluca Stasi, avec NIF X5872534J, est le responsable du traitement de vos donn\u00e9es personnelles. Pour toute question relative \u00e0 vos donn\u00e9es personnelles, vous pouvez nous contacter via l&#039;e-mail qui appara\u00eet en bas de page Collecte et utilisation des informations personnelles Engag\u00e9s \u00e0 prot\u00e9ger votre vie priv\u00e9e, nous collectons [\u2026]<\/p>","protected":false},"author":2,"featured_media":0,"parent":0,"menu_order":0,"comment_status":"closed","ping_status":"closed","template":"","meta":{"footnotes":""},"class_list":["post-17","page","type-page","status-publish","hentry"],"_links":{"self":[{"href":"http:\/\/ctrlz.net\/fr\/wp-json\/wp\/v2\/pages\/17","targetHints":{"allow":["GET"]}}],"collection":[{"href":"http:\/\/ctrlz.net\/fr\/wp-json\/wp\/v2\/pages"}],"about":[{"href":"http:\/\/ctrlz.net\/fr\/wp-json\/wp\/v2\/types\/page"}],"author":[{"embeddable":true,"href":"http:\/\/ctrlz.net\/fr\/wp-json\/wp\/v2\/users\/2"}],"replies":[{"embeddable":true,"href":"http:\/\/ctrlz.net\/fr\/wp-json\/wp\/v2\/comments?post=17"}],"version-history":[{"count":22,"href":"http:\/\/ctrlz.net\/fr\/wp-json\/wp\/v2\/pages\/17\/revisions"}],"predecessor-version":[{"id":4246,"href":"http:\/\/ctrlz.net\/fr\/wp-json\/wp\/v2\/pages\/17\/revisions\/4246"}],"wp:attachment":[{"href":"http:\/\/ctrlz.net\/fr\/wp-json\/wp\/v2\/media?parent=17"}],"curies":[{"name":"wp","href":"https:\/\/api.w.org\/{rel}","templated":true}]}}