{"id":26,"date":"2024-04-18T10:08:48","date_gmt":"2024-04-18T10:08:48","guid":{"rendered":"http:\/\/ctrlz.net\/?page_id=26"},"modified":"2025-05-07T11:50:19","modified_gmt":"2025-05-07T11:50:19","slug":"proyectos-de-arquitectura","status":"publish","type":"page","link":"http:\/\/ctrlz.net\/fr\/proyectos-de-arquitectura\/","title":{"rendered":"Projets architecturaux"},"content":{"rendered":"<div data-elementor-type=\"wp-page\" data-elementor-id=\"26\" class=\"elementor elementor-26\" data-elementor-post-type=\"page\">\n\t\t\t\t<div class=\"elementor-element elementor-element-50a66ff4 elementor-hidden-desktop elementor-hidden-laptop elementor-hidden-tablet e-flex e-con-boxed e-con e-parent\" data-id=\"50a66ff4\" data-element_type=\"container\">\n\t\t\t\t\t<div class=\"e-con-inner\">\n\t\t\t\t<div class=\"elementor-element elementor-element-28a8283 elementor-widget elementor-widget-heading\" data-id=\"28a8283\" data-element_type=\"widget\" data-widget_type=\"heading.default\">\n\t\t\t\t<div class=\"elementor-widget-container\">\n\t\t\t\t\t<h2 class=\"elementor-heading-title elementor-size-default\">Projets architecturaux<\/h2>\t\t\t\t<\/div>\n\t\t\t\t<\/div>\n\t\t\t\t\t<\/div>\n\t\t\t\t<\/div>\n\t\t<div class=\"elementor-element elementor-element-3fa139b e-grid e-con-boxed e-con e-parent\" data-id=\"3fa139b\" data-element_type=\"container\">\n\t\t\t\t\t<div class=\"e-con-inner\">\n\t\t<a class=\"elementor-element elementor-element-b2cb663 e-flex e-con-boxed e-con e-child\" data-id=\"b2cb663\" data-element_type=\"container\" data-settings=\"{&quot;background_background&quot;:&quot;classic&quot;}\" href=\"http:\/\/ctrlz.net\/fr\/proyectos-arquitectonicos\/beldi-tribe-proyecto-de-recuperacion-agricola-y-comunitaria\/\">\n\t\t\t\t\t<div class=\"e-con-inner\">\n\t\t\t\t<div class=\"elementor-element elementor-element-a5d7a25 elementor-widget__width-initial elementor-widget elementor-widget-heading\" data-id=\"a5d7a25\" data-element_type=\"widget\" data-widget_type=\"heading.default\">\n\t\t\t\t<div class=\"elementor-widget-container\">\n\t\t\t\t\t<h2 class=\"elementor-heading-title elementor-size-default\">EXPOSITIONS<\/h2>\t\t\t\t<\/div>\n\t\t\t\t<\/div>\n\t\t\t\t<div class=\"elementor-element elementor-element-d22b898 elementor-widget elementor-widget-text-editor\" data-id=\"d22b898\" data-element_type=\"widget\" data-widget_type=\"text-editor.default\">\n\t\t\t\t<div class=\"elementor-widget-container\">\n\t\t\t\t\t\t\t\t\t<ul><li>-XVIIe Biennale d&#039;architecture de Venise<br \/>Pavillon espagnol (Vencecia, Italie)<\/li><li>1\u00e8re Biennale d&#039;Architecture de Lyon<br \/>La Sucrerie (Lyon, France)<\/li><li>XVe Biennale d&#039;Architecture de Venise<br \/>Pavillon italien (Vencecia, Italie)<\/li><li>Festival International d&#039;Architecture Eme3<br \/>Usine de cr\u00e9ation Fabra y Coats (Barcelone, Espagne)<\/li><li>Devir Menor\u00a0: architectures et pratiques spatiales critiques en Ib\u00e9ro-Am\u00e9rique<br \/>Soci\u00e9t\u00e9 Martins Sacramento (Guimar\u00e3es, Portugal)<\/li><li>Urbanit\u00e9s Inattendues. \u00c9v\u00e9nements construits et appropriations de l&#039;espace urbain.<br \/>Itin\u00e9rant (Grenoble \u2013 Nantes \u2013 Toulouse, France)<\/li><\/ul>\t\t\t\t\t\t\t\t<\/div>\n\t\t\t\t<\/div>\n\t\t\t\t\t<\/div>\n\t\t\t\t<\/a>\n\t\t<a class=\"elementor-element elementor-element-513e984 e-flex e-con-boxed e-con e-child\" data-id=\"513e984\" data-element_type=\"container\" data-settings=\"{&quot;background_background&quot;:&quot;classic&quot;}\" href=\"http:\/\/ctrlz.net\/fr\/proyectos-arquitectonicos\/beldi-tribe-proyecto-de-recuperacion-agricola-y-comunitaria\/\">\n\t\t\t\t\t<div class=\"e-con-inner\">\n\t\t\t\t<div class=\"elementor-element elementor-element-04309b0 elementor-widget__width-initial elementor-widget elementor-widget-heading\" data-id=\"04309b0\" data-element_type=\"widget\" data-widget_type=\"heading.default\">\n\t\t\t\t<div class=\"elementor-widget-container\">\n\t\t\t\t\t<h2 class=\"elementor-heading-title elementor-size-default\">PRIX ET RECONNAISSANCES<\/h2>\t\t\t\t<\/div>\n\t\t\t\t<\/div>\n\t\t\t\t<div class=\"elementor-element elementor-element-386308d elementor-widget elementor-widget-text-editor\" data-id=\"386308d\" data-element_type=\"widget\" data-widget_type=\"text-editor.default\">\n\t\t\t\t<div class=\"elementor-widget-container\">\n\t\t\t\t\t\t\t\t\t<p>Son parcours professionnel a \u00e9t\u00e9 reconnu par le <strong>PRIX DE CONCEPTION DE PIERRE \u00c0 CURRY<\/strong>,<br \/>un prix international qui vise \u00e0 mettre en valeur, honorer et r\u00e9compenser les carri\u00e8res professionnelles<br \/>de ceux qui travaillent l&#039;architecture \u00e0 partir d&#039;une approche sociale, contribuant \u00e0 am\u00e9liorer la<br \/>conditions de vie quotidiennes des communaut\u00e9s du monde entier.<\/p>\t\t\t\t\t\t\t\t<\/div>\n\t\t\t\t<\/div>\n\t\t\t\t<div class=\"elementor-element elementor-element-0581fa7 elementor-widget elementor-widget-text-editor\" data-id=\"0581fa7\" data-element_type=\"widget\" data-widget_type=\"text-editor.default\">\n\t\t\t\t<div class=\"elementor-widget-container\">\n\t\t\t\t\t\t\t\t\t<ul><li>3\u00e8me Prix de classement du \u00ab IV Recycle Art Contest \u00bb<\/li><li>3\u00e8me place \u00ab Prix du Festival International d&#039;Architecture eme3_2013 \u00bb<\/li><li>1\u00e8re place \u00ab Prix du Festival International d&#039;Architecture eme3_2010 \u00bb<\/li><\/ul>\t\t\t\t\t\t\t\t<\/div>\n\t\t\t\t<\/div>\n\t\t\t\t\t<\/div>\n\t\t\t\t<\/a>\n\t\t<a class=\"elementor-element elementor-element-d48093d e-flex e-con-boxed e-con e-child\" data-id=\"d48093d\" data-element_type=\"container\" data-settings=\"{&quot;background_background&quot;:&quot;classic&quot;}\">\n\t\t\t\t\t<div class=\"e-con-inner\">\n\t\t\t\t<div class=\"elementor-element elementor-element-7618d40 elementor-widget elementor-widget-text-editor\" data-id=\"7618d40\" data-element_type=\"widget\" data-widget_type=\"text-editor.default\">\n\t\t\t\t<div class=\"elementor-widget-container\">\n\t\t\t\t\t\t\t\t\t<p><strong>REVUES D&#039;ARCHITECTURE\u00a0:<\/strong><\/p><ul><li><strong>Sunma+ N\u00ba122<\/strong><br \/>Donn SA\/Buenos Aires, Argentine<\/li><li><strong>Bureau* n\u00ba5<\/strong><br \/>(Anteferma Edizioni Srl, Italie)<\/li><li><strong>Entre rayures n\u00ba121<\/strong><br \/>Editorial Group srl \/ Venise, Italie<\/li><li><strong>Paysage chinois et d&#039;outre-mer n\u00ba36<\/strong><br \/>\u00c9dition populaire du Jiangsu \/ P\u00e9kin, Chine<\/li><li><strong>Zeppelin n\u00b0100 et n\u00b0119<\/strong>\u00a0 \u00a0 \u00a0 \u00a0 \u00a0 \u00a0 \u00a0 \u00a0 \u00a0 Asociatia Zeppelin \/ Bucarest, Roumanie<\/li><li><strong>Sans Transition (France)<\/strong><br \/>Scop La Maison des Possibles \/ France<\/li><li><strong>Soufre n\u00ba210<\/strong><br \/>Sulphur Publishing, Inc. \/ Toronto, Canada<\/li><\/ul>\t\t\t\t\t\t\t\t<\/div>\n\t\t\t\t<\/div>\n\t\t\t\t\t<\/div>\n\t\t\t\t<\/a>\n\t\t\t\t\t<\/div>\n\t\t\t\t<\/div>\n\t\t<div class=\"elementor-element elementor-element-70178c45 e-flex e-con-boxed e-con e-parent\" data-id=\"70178c45\" data-element_type=\"container\">\n\t\t\t\t\t<div class=\"e-con-inner\">\n\t\t\t\t\t<\/div>\n\t\t\t\t<\/div>\n\t\t\t\t<\/div>","protected":false},"excerpt":{"rendered":"<p>Ctrl+Z Architecture Projects m\u00e8ne des activit\u00e9s de recherche et de diffusion, publie dans des revues acad\u00e9miques et participe \u00e0 des conf\u00e9rences scientifiques. Son parcours professionnel a \u00e9t\u00e9 r\u00e9compens\u00e9 par le Curry Stone Design Prize, un prix international qui vise \u00e0 mettre en lumi\u00e8re les parcours professionnels des architectes d&#039;un point de vue social. Ctrl+Z Architecture Projects m\u00e8ne [\u2026]<\/p>","protected":false},"author":2,"featured_media":0,"parent":0,"menu_order":0,"comment_status":"closed","ping_status":"closed","template":"","meta":{"footnotes":""},"class_list":["post-26","page","type-page","status-publish","hentry"],"_links":{"self":[{"href":"http:\/\/ctrlz.net\/fr\/wp-json\/wp\/v2\/pages\/26","targetHints":{"allow":["GET"]}}],"collection":[{"href":"http:\/\/ctrlz.net\/fr\/wp-json\/wp\/v2\/pages"}],"about":[{"href":"http:\/\/ctrlz.net\/fr\/wp-json\/wp\/v2\/types\/page"}],"author":[{"embeddable":true,"href":"http:\/\/ctrlz.net\/fr\/wp-json\/wp\/v2\/users\/2"}],"replies":[{"embeddable":true,"href":"http:\/\/ctrlz.net\/fr\/wp-json\/wp\/v2\/comments?post=26"}],"version-history":[{"count":208,"href":"http:\/\/ctrlz.net\/fr\/wp-json\/wp\/v2\/pages\/26\/revisions"}],"predecessor-version":[{"id":10758,"href":"http:\/\/ctrlz.net\/fr\/wp-json\/wp\/v2\/pages\/26\/revisions\/10758"}],"wp:attachment":[{"href":"http:\/\/ctrlz.net\/fr\/wp-json\/wp\/v2\/media?parent=26"}],"curies":[{"name":"wp","href":"https:\/\/api.w.org\/{rel}","templated":true}]}}