{"id":28,"date":"2024-04-18T10:09:19","date_gmt":"2024-04-18T10:09:19","guid":{"rendered":"http:\/\/ctrlz.net\/?page_id=28"},"modified":"2025-03-05T15:28:06","modified_gmt":"2025-03-05T15:28:06","slug":"proyectos-artisticos","status":"publish","type":"page","link":"http:\/\/ctrlz.net\/fr\/proyectos-artisticos\/","title":{"rendered":"Projets artistiques"},"content":{"rendered":"<div data-elementor-type=\"wp-page\" data-elementor-id=\"28\" class=\"elementor elementor-28\" data-elementor-post-type=\"page\">\n\t\t\t\t<div class=\"elementor-element elementor-element-18f3db8 elementor-hidden-desktop elementor-hidden-laptop elementor-hidden-tablet e-flex e-con-boxed e-con e-parent\" data-id=\"18f3db8\" data-element_type=\"container\" data-e-type=\"container\">\n\t\t\t\t\t<div class=\"e-con-inner\">\n\t\t\t\t<div class=\"elementor-element elementor-element-23ae578 elementor-widget elementor-widget-heading\" data-id=\"23ae578\" data-element_type=\"widget\" data-e-type=\"widget\" data-widget_type=\"heading.default\">\n\t\t\t\t<div class=\"elementor-widget-container\">\n\t\t\t\t\t<h2 class=\"elementor-heading-title elementor-size-default\">Projets artistiques<\/h2>\t\t\t\t<\/div>\n\t\t\t\t<\/div>\n\t\t\t\t\t<\/div>\n\t\t\t\t<\/div>\n\t\t<div class=\"elementor-element elementor-element-610ffb2 e-flex e-con-boxed e-con e-parent\" data-id=\"610ffb2\" data-element_type=\"container\" data-e-type=\"container\">\n\t\t\t\t\t<div class=\"e-con-inner\">\n\t\t\t\t\t<\/div>\n\t\t\t\t<\/div>\n\t\t<div class=\"elementor-element elementor-element-70afeb89 e-flex e-con-boxed e-con e-parent\" data-id=\"70afeb89\" data-element_type=\"container\" data-e-type=\"container\">\n\t\t\t\t\t<div class=\"e-con-inner\">\n\t\t\t\t\t<\/div>\n\t\t\t\t<\/div>\n\t\t\t\t<\/div>","protected":false},"excerpt":{"rendered":"<p>Ficha de arte n\u00ba5 EXPOSICIONES Arte y cienciaMuseo del Rame e degli Antichi mestieri (Dipignano, Italia) Mathematical Art GalleryBRIDGES 2021 (Virtual) Mathematical Art Gallery2021 Joint Mathematics Meetings (Virtual) Bridges Short Film FestivalTekniska Museet (Stockholm, Suecia) Mathematical Art Gallery2018 Joint Mathematics Meetings (San Diego, EE.UU) Miembro del Comit\u00e9 de Selecci\u00f3n del la exposici\u00f3n Dimension Reflected 2020 [&hellip;]<\/p>\n","protected":false},"author":2,"featured_media":0,"parent":0,"menu_order":0,"comment_status":"closed","ping_status":"closed","template":"","meta":{"footnotes":""},"class_list":["post-28","page","type-page","status-publish","hentry"],"_links":{"self":[{"href":"http:\/\/ctrlz.net\/fr\/wp-json\/wp\/v2\/pages\/28","targetHints":{"allow":["GET"]}}],"collection":[{"href":"http:\/\/ctrlz.net\/fr\/wp-json\/wp\/v2\/pages"}],"about":[{"href":"http:\/\/ctrlz.net\/fr\/wp-json\/wp\/v2\/types\/page"}],"author":[{"embeddable":true,"href":"http:\/\/ctrlz.net\/fr\/wp-json\/wp\/v2\/users\/2"}],"replies":[{"embeddable":true,"href":"http:\/\/ctrlz.net\/fr\/wp-json\/wp\/v2\/comments?post=28"}],"version-history":[{"count":127,"href":"http:\/\/ctrlz.net\/fr\/wp-json\/wp\/v2\/pages\/28\/revisions"}],"predecessor-version":[{"id":10157,"href":"http:\/\/ctrlz.net\/fr\/wp-json\/wp\/v2\/pages\/28\/revisions\/10157"}],"wp:attachment":[{"href":"http:\/\/ctrlz.net\/fr\/wp-json\/wp\/v2\/media?parent=28"}],"curies":[{"name":"wp","href":"https:\/\/api.w.org\/{rel}","templated":true}]}}