{"id":30,"date":"2024-04-18T10:11:08","date_gmt":"2024-04-18T10:11:08","guid":{"rendered":"http:\/\/ctrlz.net\/?page_id=30"},"modified":"2025-03-05T16:30:05","modified_gmt":"2025-03-05T16:30:05","slug":"academia","status":"publish","type":"page","link":"http:\/\/ctrlz.net\/fr\/academia\/","title":{"rendered":"Acad\u00e9mie"},"content":{"rendered":"<div data-elementor-type=\"wp-page\" data-elementor-id=\"30\" class=\"elementor elementor-30\" data-elementor-post-type=\"page\">\n\t\t\t\t<div class=\"elementor-element elementor-element-d64276d elementor-hidden-desktop elementor-hidden-laptop elementor-hidden-tablet e-flex e-con-boxed e-con e-parent\" data-id=\"d64276d\" data-element_type=\"container\">\n\t\t\t\t\t<div class=\"e-con-inner\">\n\t\t\t\t<div class=\"elementor-element elementor-element-29c42d6 elementor-widget elementor-widget-heading\" data-id=\"29c42d6\" data-element_type=\"widget\" data-widget_type=\"heading.default\">\n\t\t\t\t<div class=\"elementor-widget-container\">\n\t\t\t\t\t<h2 class=\"elementor-heading-title elementor-size-default\">Acad\u00e9mie<\/h2>\t\t\t\t<\/div>\n\t\t\t\t<\/div>\n\t\t\t\t\t<\/div>\n\t\t\t\t<\/div>\n\t\t<div class=\"elementor-element elementor-element-169ed3fb e-grid e-con-boxed e-con e-parent\" data-id=\"169ed3fb\" data-element_type=\"container\">\n\t\t\t\t\t<div class=\"e-con-inner\">\n\t\t<a class=\"elementor-element elementor-element-7ba73d0e e-flex e-con-boxed e-con e-child\" data-id=\"7ba73d0e\" data-element_type=\"container\" data-settings=\"{&quot;background_background&quot;:&quot;classic&quot;}\" href=\"http:\/\/ctrlz.net\/fr\/proyectos-arquitectonicos\/beldi-tribe-proyecto-de-recuperacion-agricola-y-comunitaria\/\">\n\t\t\t\t\t<div class=\"e-con-inner\">\n\t\t\t\t<div class=\"elementor-element elementor-element-72950f3a elementor-widget__width-initial elementor-widget elementor-widget-heading\" data-id=\"72950f3a\" data-element_type=\"widget\" data-widget_type=\"heading.default\">\n\t\t\t\t<div class=\"elementor-widget-container\">\n\t\t\t\t\t<h2 class=\"elementor-heading-title elementor-size-default\">cours et pr\u00e9sentations<\/h2>\t\t\t\t<\/div>\n\t\t\t\t<\/div>\n\t\t\t\t<div class=\"elementor-element elementor-element-50564d5c elementor-widget elementor-widget-text-editor\" data-id=\"50564d5c\" data-element_type=\"widget\" data-widget_type=\"text-editor.default\">\n\t\t\t\t<div class=\"elementor-widget-container\">\n\t\t\t\t\t\t\t\t\t<p><strong>Des cours complets ont \u00e9t\u00e9 d\u00e9velopp\u00e9s en collaboration avec des institutions telles que\u00a0:<\/strong><\/p><ul><li>Escola Sup\u00e9rieure Artistique de Porto (Portugal)<\/li><li>Isthme. \u00c9cole d&#039;architecture et de design d&#039;Am\u00e9rique latine et des Cara\u00efbes (Panama)<\/li><li>CEDIM-Centre d&#039;\u00e9tudes sup\u00e9rieures de design de Monterrey (Mexique)<\/li><\/ul>\t\t\t\t\t\t\t\t<\/div>\n\t\t\t\t<\/div>\n\t\t\t\t<div class=\"elementor-element elementor-element-4d913b0 elementor-widget elementor-widget-text-editor\" data-id=\"4d913b0\" data-element_type=\"widget\" data-widget_type=\"text-editor.default\">\n\t\t\t\t<div class=\"elementor-widget-container\">\n\t\t\t\t\t\t\t\t\t<p>On leur a appris <strong>modules, s\u00e9minaires ou conf\u00e9rences<\/strong> pour les \u00e9tablissements tels que :<\/p><ul><li>Universit\u00e9 de Malaga (Espagne)<\/li><li>Institut des Sciences de la Construction Eduardo Torroja (Espagne)<\/li><li>UNIP Limeira (Br\u00e9sil)<\/li><li>Acad\u00e9mie des Beaux-Arts de Brera (Italie)<\/li><li>Universit\u00e9 Javeriana de Bogota (Colombie)<\/li><\/ul>\t\t\t\t\t\t\t\t<\/div>\n\t\t\t\t<\/div>\n\t\t\t\t\t<\/div>\n\t\t\t\t<\/a>\n\t\t<a class=\"elementor-element elementor-element-58a97644 e-flex e-con-boxed e-con e-child\" data-id=\"58a97644\" data-element_type=\"container\" data-settings=\"{&quot;background_background&quot;:&quot;classic&quot;}\" href=\"http:\/\/ctrlz.net\/fr\/proyectos-arquitectonicos\/beldi-tribe-proyecto-de-recuperacion-agricola-y-comunitaria\/\">\n\t\t\t\t\t<div class=\"e-con-inner\">\n\t\t\t\t<div class=\"elementor-element elementor-element-19de0c1e elementor-widget__width-initial elementor-widget elementor-widget-heading\" data-id=\"19de0c1e\" data-element_type=\"widget\" data-widget_type=\"heading.default\">\n\t\t\t\t<div class=\"elementor-widget-container\">\n\t\t\t\t\t<h2 class=\"elementor-heading-title elementor-size-default\">PUBLICATIONS ACAD\u00c9MIQUES<\/h2>\t\t\t\t<\/div>\n\t\t\t\t<\/div>\n\t\t\t\t<div class=\"elementor-element elementor-element-2e26a72 elementor-widget elementor-widget-text-editor\" data-id=\"2e26a72\" data-element_type=\"widget\" data-widget_type=\"text-editor.default\">\n\t\t\t\t<div class=\"elementor-widget-container\">\n\t\t\t\t\t\t\t\t\t<p><strong>Revues index\u00e9es :<\/strong><\/p><ul><li>Durabilit\u00e9<br \/>(\u00c9ditions MPDI, Suisse)<\/li><li>Bureau*<br \/>(Anteferma Edizioni Srl, Italie)<\/li><li>Journal du r\u00e9seau Nexus<br \/>(Springer, \u00c9tats-Unis)<\/li><li>Journal des math\u00e9matiques et des arts<br \/>(Taylor et Francis Ltd., Royaume-Uni)<\/li><\/ul>\t\t\t\t\t\t\t\t<\/div>\n\t\t\t\t<\/div>\n\t\t\t\t<div class=\"elementor-element elementor-element-3b44b1d2 elementor-widget elementor-widget-text-editor\" data-id=\"3b44b1d2\" data-element_type=\"widget\" data-widget_type=\"text-editor.default\">\n\t\t\t\t<div class=\"elementor-widget-container\">\n\t\t\t\t\t\t\t\t\t<p><strong>Chapitres de livres\u00a0:<\/strong><\/p><ul><li>Poly\u00e8dres et au-del\u00e0<br \/>(Springer Nature Suisse SA, Suisse)<\/li><li>Paradigmi de l&#039;architecture vernaculaire toscane.<br \/>(Presse universitaire de Pise, Italie)<\/li><\/ul>\t\t\t\t\t\t\t\t<\/div>\n\t\t\t\t<\/div>\n\t\t\t\t\t<\/div>\n\t\t\t\t<\/a>\n\t\t<a class=\"elementor-element elementor-element-a44d27a e-flex e-con-boxed e-con e-child\" data-id=\"a44d27a\" data-element_type=\"container\" data-settings=\"{&quot;background_background&quot;:&quot;classic&quot;}\" href=\"http:\/\/ctrlz.net\/fr\/proyectos-arquitectonicos\/beldi-tribe-proyecto-de-recuperacion-agricola-y-comunitaria\/\">\n\t\t\t\t\t<div class=\"e-con-inner\">\n\t\t\t\t<div class=\"elementor-element elementor-element-119f1d6 elementor-widget__width-initial elementor-widget elementor-widget-heading\" data-id=\"119f1d6\" data-element_type=\"widget\" data-widget_type=\"heading.default\">\n\t\t\t\t<div class=\"elementor-widget-container\">\n\t\t\t\t\t<h2 class=\"elementor-heading-title elementor-size-default\">CONGR\u00c8S<\/h2>\t\t\t\t<\/div>\n\t\t\t\t<\/div>\n\t\t\t\t<div class=\"elementor-element elementor-element-2579ab1 elementor-widget elementor-widget-text-editor\" data-id=\"2579ab1\" data-element_type=\"widget\" data-widget_type=\"text-editor.default\">\n\t\t\t\t<div class=\"elementor-widget-container\">\n\t\t\t\t\t\t\t\t\t<ul><li>MoNGeometrija2020<br \/>Membre du comit\u00e9 scientifique (Belgrade)<\/li><li>Geometrias &#039;19\u00a0:\u00a0Poly\u00e8dres et au-del\u00e0<br \/>Pr\u00e9sident (Porto)<\/li><li>Architecture ludique<br \/>Pr\u00e9sident (Porto)<\/li><li>3e Congr\u00e8s international sur la construction durable et les solutions \u00e9co-efficaces<br \/>Pr\u00e9sident (S\u00e9ville)<\/li><li>XXXe Conf\u00e9rence de recherche et XIIe r\u00e9union r\u00e9gionale SI+<br \/>Auteur (Buenos Aires)<\/li><\/ul>\t\t\t\t\t\t\t\t<\/div>\n\t\t\t\t<\/div>\n\t\t\t\t\t<\/div>\n\t\t\t\t<\/a>\n\t\t\t\t\t<\/div>\n\t\t\t\t<\/div>\n\t\t<div class=\"elementor-element elementor-element-5eead9c8 e-flex e-con-boxed e-con e-parent\" data-id=\"5eead9c8\" data-element_type=\"container\">\n\t\t\t\t\t<div class=\"e-con-inner\">\n\t\t\t\t\t<\/div>\n\t\t\t\t<\/div>\n\t\t\t\t<\/div>","protected":false},"excerpt":{"rendered":"<p>Ctrl+Z m\u00e8ne des activit\u00e9s de recherche et de vulgarisation, publie dans des revues acad\u00e9miques et participe \u00e0 des congr\u00e8s scientifiques. Son activit\u00e9 d&#039;enseignement se r\u00e9partit entre des cours universitaires sur l&#039;urbanisme, l&#039;architecture participative, les interventions dans l&#039;espace public et les processus architecturaux li\u00e9s aux processus sociaux, ainsi que des cours ax\u00e9s sur les techniques de construction telles que [\u2026]<\/p>","protected":false},"author":2,"featured_media":0,"parent":0,"menu_order":0,"comment_status":"closed","ping_status":"closed","template":"","meta":{"footnotes":""},"class_list":["post-30","page","type-page","status-publish","hentry"],"_links":{"self":[{"href":"http:\/\/ctrlz.net\/fr\/wp-json\/wp\/v2\/pages\/30","targetHints":{"allow":["GET"]}}],"collection":[{"href":"http:\/\/ctrlz.net\/fr\/wp-json\/wp\/v2\/pages"}],"about":[{"href":"http:\/\/ctrlz.net\/fr\/wp-json\/wp\/v2\/types\/page"}],"author":[{"embeddable":true,"href":"http:\/\/ctrlz.net\/fr\/wp-json\/wp\/v2\/users\/2"}],"replies":[{"embeddable":true,"href":"http:\/\/ctrlz.net\/fr\/wp-json\/wp\/v2\/comments?post=30"}],"version-history":[{"count":448,"href":"http:\/\/ctrlz.net\/fr\/wp-json\/wp\/v2\/pages\/30\/revisions"}],"predecessor-version":[{"id":10209,"href":"http:\/\/ctrlz.net\/fr\/wp-json\/wp\/v2\/pages\/30\/revisions\/10209"}],"wp:attachment":[{"href":"http:\/\/ctrlz.net\/fr\/wp-json\/wp\/v2\/media?parent=30"}],"curies":[{"name":"wp","href":"https:\/\/api.w.org\/{rel}","templated":true}]}}