{"id":8,"date":"2024-04-18T10:02:17","date_gmt":"2024-04-18T10:02:17","guid":{"rendered":"http:\/\/ctrlz.net\/?page_id=8"},"modified":"2024-05-15T08:14:12","modified_gmt":"2024-05-15T08:14:12","slug":"politica-de-cookies","status":"publish","type":"page","link":"http:\/\/ctrlz.net\/fr\/politica-de-cookies\/","title":{"rendered":"Politique de cookies"},"content":{"rendered":"<div data-elementor-type=\"wp-page\" data-elementor-id=\"8\" class=\"elementor elementor-8\" data-elementor-post-type=\"page\">\n\t\t\t\t<div class=\"elementor-element elementor-element-32372de e-flex e-con-boxed e-con e-parent\" data-id=\"32372de\" data-element_type=\"container\" data-settings=\"{&quot;background_background&quot;:&quot;classic&quot;}\">\n\t\t\t\t\t<div class=\"e-con-inner\">\n\t\t\t\t\t<\/div>\n\t\t\t\t<\/div>\n\t\t<div class=\"elementor-element elementor-element-57a7da e-flex e-con-boxed e-con e-parent\" data-id=\"57a7da\" data-element_type=\"container\" data-settings=\"{&quot;background_background&quot;:&quot;classic&quot;}\">\n\t\t\t\t\t<div class=\"e-con-inner\">\n\t\t\t\t<div class=\"elementor-element elementor-element-7fca919 elementor-widget elementor-widget-text-editor\" data-id=\"7fca919\" data-element_type=\"widget\" data-widget_type=\"text-editor.default\">\n\t\t\t\t<div class=\"elementor-widget-container\">\n\t\t\t\t\t\t\t\t\t<p>Ce site Web, g\u00e9r\u00e9 par Gianluca Stasi, utilise ses propres cookies et ceux de tiers afin d&#039;am\u00e9liorer nos services et d&#039;offrir une meilleure exp\u00e9rience de navigation \u00e0 l&#039;utilisateur. En poursuivant votre navigation sur ce site, vous acceptez l&#039;utilisation de ces cookies.<\/p>\t\t\t\t\t\t\t\t<\/div>\n\t\t\t\t<\/div>\n\t\t\t\t<div class=\"elementor-element elementor-element-6a516af2 elementor-widget elementor-widget-heading\" data-id=\"6a516af2\" data-element_type=\"widget\" data-widget_type=\"heading.default\">\n\t\t\t\t<div class=\"elementor-widget-container\">\n\t\t\t\t\t<h2 class=\"elementor-heading-title elementor-size-default\">Que sont les cookies ?<\/h2>\t\t\t\t<\/div>\n\t\t\t\t<\/div>\n\t\t\t\t<div class=\"elementor-element elementor-element-1c1e2f72 elementor-widget elementor-widget-text-editor\" data-id=\"1c1e2f72\" data-element_type=\"widget\" data-widget_type=\"text-editor.default\">\n\t\t\t\t<div class=\"elementor-widget-container\">\n\t\t\t\t\t\t\t\t\t<p>Les cookies sont de petits fichiers texte que le site Internet que vous visitez stocke sur votre appareil (ordinateur, t\u00e9l\u00e9phone mobile, tablette, etc.). Ces fichiers permettent au site de m\u00e9moriser des informations sur votre visite, telles que votre langue pr\u00e9f\u00e9r\u00e9e et d&#039;autres options, ce qui peut faciliter votre prochaine visite et rendre le site plus utile en personnalisant son contenu. Les cookies jouent un r\u00f4le important. Sans eux, utiliser le Web serait une exp\u00e9rience bien plus frustrante.<\/p>\t\t\t\t\t\t\t\t<\/div>\n\t\t\t\t<\/div>\n\t\t\t\t<div class=\"elementor-element elementor-element-3646e2de elementor-widget elementor-widget-heading\" data-id=\"3646e2de\" data-element_type=\"widget\" data-widget_type=\"heading.default\">\n\t\t\t\t<div class=\"elementor-widget-container\">\n\t\t\t\t\t<h2 class=\"elementor-heading-title elementor-size-default\">Comment utilisons-nous les cookies ?<\/h2>\t\t\t\t<\/div>\n\t\t\t\t<\/div>\n\t\t\t\t<div class=\"elementor-element elementor-element-3a844b3 elementor-widget elementor-widget-text-editor\" data-id=\"3a844b3\" data-element_type=\"widget\" data-widget_type=\"text-editor.default\">\n\t\t\t\t<div class=\"elementor-widget-container\">\n\t\t\t\t\t\t\t\t\t<p>Nous utilisons des cookies \u00e0 diverses fins, notamment\u00a0:<\/p><ul><li>Am\u00e9liorer les fonctionnalit\u00e9s et les performances du site Web.<\/li><li>Analysez la mani\u00e8re dont le site Web est utilis\u00e9 et quels domaines int\u00e9ressent le plus nos utilisateurs.<\/li><li>Proposez de la publicit\u00e9 personnalis\u00e9e.<\/li><li>M\u00e9morisez les pr\u00e9f\u00e9rences de l\u2019utilisateur et facilitez la navigation.<\/li><\/ul>\t\t\t\t\t\t\t\t<\/div>\n\t\t\t\t<\/div>\n\t\t\t\t<div class=\"elementor-element elementor-element-19833d6b elementor-widget elementor-widget-heading\" data-id=\"19833d6b\" data-element_type=\"widget\" data-widget_type=\"heading.default\">\n\t\t\t\t<div class=\"elementor-widget-container\">\n\t\t\t\t\t<h2 class=\"elementor-heading-title elementor-size-default\">Quel type de cookies utilisons-nous ?<\/h2>\t\t\t\t<\/div>\n\t\t\t\t<\/div>\n\t\t\t\t<div class=\"elementor-element elementor-element-d18293e elementor-widget elementor-widget-text-editor\" data-id=\"d18293e\" data-element_type=\"widget\" data-widget_type=\"text-editor.default\">\n\t\t\t\t<div class=\"elementor-widget-container\">\n\t\t\t\t\t\t\t\t\t<ul><li><strong>Cookies essentiels\u00a0:<\/strong> Ils sont n\u00e9cessaires au fonctionnement du site Internet et vous permettent de vous y d\u00e9placer et d&#039;utiliser ses services et fonctionnalit\u00e9s. Sans ces cookies, les services que vous demandez ne pourront pas \u00eatre fournis.<\/li><li><strong>Cookies d&#039;analyse :<\/strong> Ils nous aident \u00e0 comprendre comment les utilisateurs interagissent avec le site Web, en fournissant des informations sur les zones visit\u00e9es, le temps pass\u00e9 sur le site et les probl\u00e8mes rencontr\u00e9s, tels que les messages d&#039;erreur. Cela nous aide \u00e0 am\u00e9liorer les performances du site Web.<\/li><li><strong>Cookies de personnalisation\u00a0:<\/strong> Ils sont utilis\u00e9s pour m\u00e9moriser les pr\u00e9f\u00e9rences de l\u2019utilisateur et personnaliser l\u2019exp\u00e9rience du site Web en fonction de vos int\u00e9r\u00eats et de votre comportement pass\u00e9.<\/li><li><strong>Cookies publicitaires :<\/strong> Ces cookies sont utilis\u00e9s pour fournir des publicit\u00e9s plus pertinentes par rapport \u00e0 l&#039;utilisateur et \u00e0 ses int\u00e9r\u00eats. Ils sont \u00e9galement utilis\u00e9s pour limiter le nombre de fois qu&#039;une annonce est diffus\u00e9e et pour mesurer l&#039;efficacit\u00e9 d&#039;une campagne publicitaire.<\/li><li><strong>Autres cookies tiers\u00a0:<\/strong> Sur certaines pages du site, des cookies tiers peuvent \u00eatre install\u00e9s pour g\u00e9rer et am\u00e9liorer les services qu&#039;elles proposent. Un exemple de cette utilisation est celui des liens vers des r\u00e9seaux sociaux qui permettent de partager le contenu du site Internet.<\/li><\/ul>\t\t\t\t\t\t\t\t<\/div>\n\t\t\t\t<\/div>\n\t\t\t\t<div class=\"elementor-element elementor-element-35c81634 elementor-widget elementor-widget-heading\" data-id=\"35c81634\" data-element_type=\"widget\" data-widget_type=\"heading.default\">\n\t\t\t\t<div class=\"elementor-widget-container\">\n\t\t\t\t\t<h2 class=\"elementor-heading-title elementor-size-default\">Comment contr\u00f4ler les cookies ?<\/h2>\t\t\t\t<\/div>\n\t\t\t\t<\/div>\n\t\t\t\t<div class=\"elementor-element elementor-element-3e624925 elementor-widget elementor-widget-text-editor\" data-id=\"3e624925\" data-element_type=\"widget\" data-widget_type=\"text-editor.default\">\n\t\t\t\t<div class=\"elementor-widget-container\">\n\t\t\t\t\t\t\t\t\t<p>Vous pouvez contr\u00f4ler et\/ou supprimer les cookies \u00e0 votre guise. Pour plus d\u2019informations, consultez aboutcookies.org. Vous pouvez supprimer tous les cookies d\u00e9j\u00e0 install\u00e9s sur votre appareil et configurer la plupart des navigateurs pour emp\u00eacher leur installation. Cependant, si vous le faites, vous devrez peut-\u00eatre ajuster manuellement certaines pr\u00e9f\u00e9rences \u00e0 chaque fois que vous visitez un site et certains services et fonctionnalit\u00e9s peuvent ne pas \u00eatre disponibles.<\/p><p>En utilisant ce site Web sans d\u00e9sactiver les cookies dans votre navigateur, vous acceptez l&#039;utilisation de cookies conform\u00e9ment \u00e0 cette politique en mati\u00e8re de cookies et \u00e0 notre politique de confidentialit\u00e9.<\/p>\t\t\t\t\t\t\t\t<\/div>\n\t\t\t\t<\/div>\n\t\t\t\t<div class=\"elementor-element elementor-element-63a1c587 elementor-widget elementor-widget-heading\" data-id=\"63a1c587\" data-element_type=\"widget\" data-widget_type=\"heading.default\">\n\t\t\t\t<div class=\"elementor-widget-container\">\n\t\t\t\t\t<h2 class=\"elementor-heading-title elementor-size-default\">Modifications de la politique de cookies<\/h2>\t\t\t\t<\/div>\n\t\t\t\t<\/div>\n\t\t\t\t<div class=\"elementor-element elementor-element-67fbc29e elementor-widget elementor-widget-text-editor\" data-id=\"67fbc29e\" data-element_type=\"widget\" data-widget_type=\"text-editor.default\">\n\t\t\t\t<div class=\"elementor-widget-container\">\n\t\t\t\t\t\t\t\t\t<p>Nous nous r\u00e9servons le droit de modifier cette politique de cookies \u00e0 tout moment. Tout changement important apport\u00e9 \u00e0 cette politique sera notifi\u00e9 sur notre site Web.<\/p>\t\t\t\t\t\t\t\t<\/div>\n\t\t\t\t<\/div>\n\t\t\t\t<div class=\"elementor-element elementor-element-62c259da elementor-widget elementor-widget-heading\" data-id=\"62c259da\" data-element_type=\"widget\" data-widget_type=\"heading.default\">\n\t\t\t\t<div class=\"elementor-widget-container\">\n\t\t\t\t\t<h2 class=\"elementor-heading-title elementor-size-default\">Contact<\/h2>\t\t\t\t<\/div>\n\t\t\t\t<\/div>\n\t\t\t\t<div class=\"elementor-element elementor-element-5c0684ca elementor-widget elementor-widget-text-editor\" data-id=\"5c0684ca\" data-element_type=\"widget\" data-widget_type=\"text-editor.default\">\n\t\t\t\t<div class=\"elementor-widget-container\">\n\t\t\t\t\t\t\t\t\t<p>Si vous avez des questions ou des commentaires concernant notre politique en mati\u00e8re de cookies, veuillez nous contacter par e-mail\u00a0:<\/p>\t\t\t\t\t\t\t\t<\/div>\n\t\t\t\t<\/div>\n\t\t\t\t<div class=\"elementor-element elementor-element-3e8c301 elementor-widget elementor-widget-image\" data-id=\"3e8c301\" data-element_type=\"widget\" data-widget_type=\"image.default\">\n\t\t\t\t<div class=\"elementor-widget-container\">\n\t\t\t\t\t\t\t\t\t\t\t\t\t\t\t<img decoding=\"async\" width=\"162\" height=\"39\" src=\"https:\/\/ctrlz.net\/wp-content\/uploads\/2024\/04\/Frame-2-1.png\" class=\"attachment-medium size-medium wp-image-542\" alt=\"\" srcset=\"https:\/\/ctrlz.net\/wp-content\/uploads\/2024\/04\/Frame-2-1.png 162w, https:\/\/ctrlz.net\/wp-content\/uploads\/2024\/04\/Frame-2-1-18x4.png 18w\" sizes=\"(max-width: 162px) 100vw, 162px\" \/>\t\t\t\t\t\t\t\t\t\t\t\t\t\t\t<\/div>\n\t\t\t\t<\/div>\n\t\t\t\t\t<\/div>\n\t\t\t\t<\/div>\n\t\t<div class=\"elementor-element elementor-element-83eb436 e-flex e-con-boxed e-con e-parent\" data-id=\"83eb436\" data-element_type=\"container\" data-settings=\"{&quot;background_background&quot;:&quot;classic&quot;}\">\n\t\t\t\t\t<div class=\"e-con-inner\">\n\t\t\t\t\t<\/div>\n\t\t\t\t<\/div>\n\t\t\t\t<\/div>","protected":false},"excerpt":{"rendered":"<p>Ce site Web, g\u00e9r\u00e9 par Gianluca Stasi, utilise ses propres cookies et ceux de tiers afin d&#039;am\u00e9liorer nos services et d&#039;offrir une meilleure exp\u00e9rience de navigation \u00e0 l&#039;utilisateur. En poursuivant votre navigation sur ce site, vous acceptez l&#039;utilisation de ces cookies. Que sont les cookies ? Les cookies sont de petits fichiers texte qui [\u2026]<\/p>","protected":false},"author":2,"featured_media":0,"parent":0,"menu_order":0,"comment_status":"closed","ping_status":"closed","template":"","meta":{"footnotes":""},"class_list":["post-8","page","type-page","status-publish","hentry"],"_links":{"self":[{"href":"http:\/\/ctrlz.net\/fr\/wp-json\/wp\/v2\/pages\/8","targetHints":{"allow":["GET"]}}],"collection":[{"href":"http:\/\/ctrlz.net\/fr\/wp-json\/wp\/v2\/pages"}],"about":[{"href":"http:\/\/ctrlz.net\/fr\/wp-json\/wp\/v2\/types\/page"}],"author":[{"embeddable":true,"href":"http:\/\/ctrlz.net\/fr\/wp-json\/wp\/v2\/users\/2"}],"replies":[{"embeddable":true,"href":"http:\/\/ctrlz.net\/fr\/wp-json\/wp\/v2\/comments?post=8"}],"version-history":[{"count":19,"href":"http:\/\/ctrlz.net\/fr\/wp-json\/wp\/v2\/pages\/8\/revisions"}],"predecessor-version":[{"id":4243,"href":"http:\/\/ctrlz.net\/fr\/wp-json\/wp\/v2\/pages\/8\/revisions\/4243"}],"wp:attachment":[{"href":"http:\/\/ctrlz.net\/fr\/wp-json\/wp\/v2\/media?parent=8"}],"curies":[{"name":"wp","href":"https:\/\/api.w.org\/{rel}","templated":true}]}}