{"id":12,"date":"2024-04-18T10:04:31","date_gmt":"2024-04-18T10:04:31","guid":{"rendered":"http:\/\/ctrlz.net\/?page_id=12"},"modified":"2024-05-15T08:21:05","modified_gmt":"2024-05-15T08:21:05","slug":"aviso-legal","status":"publish","type":"page","link":"http:\/\/ctrlz.net\/it\/aviso-legal\/","title":{"rendered":"Avviso legale"},"content":{"rendered":"<div data-elementor-type=\"wp-page\" data-elementor-id=\"12\" class=\"elementor elementor-12\" data-elementor-post-type=\"page\">\n\t\t\t\t<div class=\"elementor-element elementor-element-48700552 e-flex e-con-boxed e-con e-parent\" data-id=\"48700552\" data-element_type=\"container\" data-settings=\"{&quot;background_background&quot;:&quot;classic&quot;}\">\n\t\t\t\t\t<div class=\"e-con-inner\">\n\t\t\t\t\t<\/div>\n\t\t\t\t<\/div>\n\t\t<div class=\"elementor-element elementor-element-6a84cd84 e-flex e-con-boxed e-con e-parent\" data-id=\"6a84cd84\" data-element_type=\"container\" data-settings=\"{&quot;background_background&quot;:&quot;classic&quot;}\">\n\t\t\t\t\t<div class=\"e-con-inner\">\n\t\t\t\t<div class=\"elementor-element elementor-element-631eb3bb elementor-widget elementor-widget-heading\" data-id=\"631eb3bb\" data-element_type=\"widget\" data-widget_type=\"heading.default\">\n\t\t\t\t<div class=\"elementor-widget-container\">\n\t\t\t\t\t<h2 class=\"elementor-heading-title elementor-size-default\">Propriet\u00e0 del sito web<\/h2>\t\t\t\t<\/div>\n\t\t\t\t<\/div>\n\t\t\t\t<div class=\"elementor-element elementor-element-7913962b elementor-widget elementor-widget-text-editor\" data-id=\"7913962b\" data-element_type=\"widget\" data-widget_type=\"text-editor.default\">\n\t\t\t\t<div class=\"elementor-widget-container\">\n\t\t\t\t\t\t\t\t\t<p>Questo sito web \u00e8 di propriet\u00e0 di Gianluca Stasi, con NIF X5872534J. L&#039;utilizzo di questo sito implica l&#039;accettazione dei termini e delle condizioni contenuti nella presente nota legale.<\/p>\t\t\t\t\t\t\t\t<\/div>\n\t\t\t\t<\/div>\n\t\t\t\t<div class=\"elementor-element elementor-element-7caeebf2 elementor-widget elementor-widget-heading\" data-id=\"7caeebf2\" data-element_type=\"widget\" data-widget_type=\"heading.default\">\n\t\t\t\t<div class=\"elementor-widget-container\">\n\t\t\t\t\t<h2 class=\"elementor-heading-title elementor-size-default\">Propriet\u00e0 intellettuale<\/h2>\t\t\t\t<\/div>\n\t\t\t\t<\/div>\n\t\t\t\t<div class=\"elementor-element elementor-element-6a65bc30 elementor-widget elementor-widget-text-editor\" data-id=\"6a65bc30\" data-element_type=\"widget\" data-widget_type=\"text-editor.default\">\n\t\t\t\t<div class=\"elementor-widget-container\">\n\t\t\t\t\t\t\t\t\t<p>Tutti i contenuti pubblicati su questo sito, compresi testi, grafica, loghi, immagini, nonch\u00e9 la loro disposizione, sono di propriet\u00e0 di Gianluca Stasi o dei suoi collaboratori e sono protetti dalle norme sulla propriet\u00e0 intellettuale e industriale. Qualsiasi riproduzione, distribuzione, comunicazione pubblica o trasformazione di questi contenuti richiede il preventivo consenso scritto di Gianluca Stasi.<\/p>\t\t\t\t\t\t\t\t<\/div>\n\t\t\t\t<\/div>\n\t\t\t\t<div class=\"elementor-element elementor-element-7e4d13a1 elementor-widget elementor-widget-heading\" data-id=\"7e4d13a1\" data-element_type=\"widget\" data-widget_type=\"heading.default\">\n\t\t\t\t<div class=\"elementor-widget-container\">\n\t\t\t\t\t<h2 class=\"elementor-heading-title elementor-size-default\">Responsabilit\u00e0 dei contenuti<\/h2>\t\t\t\t<\/div>\n\t\t\t\t<\/div>\n\t\t\t\t<div class=\"elementor-element elementor-element-2ac91fc0 elementor-widget elementor-widget-text-editor\" data-id=\"2ac91fc0\" data-element_type=\"widget\" data-widget_type=\"text-editor.default\">\n\t\t\t\t<div class=\"elementor-widget-container\">\n\t\t\t\t\t\t\t\t\t<p>Gianluca Stasi si impegna a fornire informazioni aggiornate e precise. Tuttavia, non si assume alcuna responsabilit\u00e0 per la mancanza di accuratezza, completezza o aggiornamento dei dati o delle informazioni pubblicate su questo sito.<\/p>\t\t\t\t\t\t\t\t<\/div>\n\t\t\t\t<\/div>\n\t\t\t\t<div class=\"elementor-element elementor-element-2849700c elementor-widget elementor-widget-heading\" data-id=\"2849700c\" data-element_type=\"widget\" data-widget_type=\"heading.default\">\n\t\t\t\t<div class=\"elementor-widget-container\">\n\t\t\t\t\t<h2 class=\"elementor-heading-title elementor-size-default\">Collegamenti esterni<\/h2>\t\t\t\t<\/div>\n\t\t\t\t<\/div>\n\t\t\t\t<div class=\"elementor-element elementor-element-1d9d44f0 elementor-widget elementor-widget-text-editor\" data-id=\"1d9d44f0\" data-element_type=\"widget\" data-widget_type=\"text-editor.default\">\n\t\t\t\t<div class=\"elementor-widget-container\">\n\t\t\t\t\t\t\t\t\t<p>Questo sito web pu\u00f2 contenere collegamenti a siti web esterni i cui contenuti non sono controllati da Gianluca Stasi. Pertanto non si assume alcuna responsabilit\u00e0 per le informazioni o il contenuto dei link esterni.<\/p>\t\t\t\t\t\t\t\t<\/div>\n\t\t\t\t<\/div>\n\t\t\t\t<div class=\"elementor-element elementor-element-675aefb2 elementor-widget elementor-widget-heading\" data-id=\"675aefb2\" data-element_type=\"widget\" data-widget_type=\"heading.default\">\n\t\t\t\t<div class=\"elementor-widget-container\">\n\t\t\t\t\t<h2 class=\"elementor-heading-title elementor-size-default\">Protezione dei dati personali<\/h2>\t\t\t\t<\/div>\n\t\t\t\t<\/div>\n\t\t\t\t<div class=\"elementor-element elementor-element-4182712a elementor-widget elementor-widget-text-editor\" data-id=\"4182712a\" data-element_type=\"widget\" data-widget_type=\"text-editor.default\">\n\t\t\t\t<div class=\"elementor-widget-container\">\n\t\t\t\t\t\t\t\t\t<p>L&#039;informativa sulla privacy, reperibile in una sezione separata di questo sito web, descrive le modalit\u00e0 con cui vengono raccolti e trattati i dati personali degli utenti. Gianluca Stasi si impegna a trattare tali dati nel rispetto della normativa vigente in materia di protezione dei dati.<\/p>\t\t\t\t\t\t\t\t<\/div>\n\t\t\t\t<\/div>\n\t\t\t\t<div class=\"elementor-element elementor-element-561d388 elementor-widget elementor-widget-heading\" data-id=\"561d388\" data-element_type=\"widget\" data-widget_type=\"heading.default\">\n\t\t\t\t<div class=\"elementor-widget-container\">\n\t\t\t\t\t<h2 class=\"elementor-heading-title elementor-size-default\">Modifiche all&#039;avviso legale<\/h2>\t\t\t\t<\/div>\n\t\t\t\t<\/div>\n\t\t\t\t<div class=\"elementor-element elementor-element-514928ec elementor-widget elementor-widget-text-editor\" data-id=\"514928ec\" data-element_type=\"widget\" data-widget_type=\"text-editor.default\">\n\t\t\t\t<div class=\"elementor-widget-container\">\n\t\t\t\t\t\t\t\t\t<p>Gianluca Stasi si riserva il diritto di modificare la presente nota legale in qualsiasi momento, ed \u00e8 responsabilit\u00e0 dell&#039;utente rivedere regolarmente questo spazio per essere informato di eventuali modifiche.<\/p>\t\t\t\t\t\t\t\t<\/div>\n\t\t\t\t<\/div>\n\t\t\t\t<div class=\"elementor-element elementor-element-de8bd2b elementor-widget elementor-widget-heading\" data-id=\"de8bd2b\" data-element_type=\"widget\" data-widget_type=\"heading.default\">\n\t\t\t\t<div class=\"elementor-widget-container\">\n\t\t\t\t\t<h2 class=\"elementor-heading-title elementor-size-default\">Legislazione e giurisdizione<\/h2>\t\t\t\t<\/div>\n\t\t\t\t<\/div>\n\t\t\t\t<div class=\"elementor-element elementor-element-e6b2469 elementor-widget elementor-widget-text-editor\" data-id=\"e6b2469\" data-element_type=\"widget\" data-widget_type=\"text-editor.default\">\n\t\t\t\t<div class=\"elementor-widget-container\">\n\t\t\t\t\t\t\t\t\t<p>Per qualsiasi controversia relativa alla presente nota legale si applicher\u00e0 la legislazione spagnola, essendo competente il Foro della citt\u00e0 di Siviglia.<\/p>\t\t\t\t\t\t\t\t<\/div>\n\t\t\t\t<\/div>\n\t\t\t\t<div class=\"elementor-element elementor-element-19fcf8fe elementor-widget elementor-widget-heading\" data-id=\"19fcf8fe\" data-element_type=\"widget\" data-widget_type=\"heading.default\">\n\t\t\t\t<div class=\"elementor-widget-container\">\n\t\t\t\t\t<h2 class=\"elementor-heading-title elementor-size-default\">Contatto<\/h2>\t\t\t\t<\/div>\n\t\t\t\t<\/div>\n\t\t\t\t<div class=\"elementor-element elementor-element-257ea192 elementor-widget elementor-widget-text-editor\" data-id=\"257ea192\" data-element_type=\"widget\" data-widget_type=\"text-editor.default\">\n\t\t\t\t<div class=\"elementor-widget-container\">\n\t\t\t\t\t\t\t\t\t<p>Per qualsiasi domanda relativa alla presente nota legale, contattare Gianluca Stasi tramite e-mail luca@ctrlz.net o telefono 605 237 272.<\/p>\t\t\t\t\t\t\t\t<\/div>\n\t\t\t\t<\/div>\n\t\t\t\t\t<\/div>\n\t\t\t\t<\/div>\n\t\t<div class=\"elementor-element elementor-element-3ec2f0a e-flex e-con-boxed e-con e-parent\" data-id=\"3ec2f0a\" data-element_type=\"container\" data-settings=\"{&quot;background_background&quot;:&quot;classic&quot;}\">\n\t\t\t\t\t<div class=\"e-con-inner\">\n\t\t\t\t\t<\/div>\n\t\t\t\t<\/div>\n\t\t\t\t<\/div>","protected":false},"excerpt":{"rendered":"<p>Propriet\u00e0 del sito web Questo sito web \u00e8 di propriet\u00e0 di Gianluca Stasi, con NIF X5872534J. L&#039;utilizzo di questo sito implica l&#039;accettazione dei termini e delle condizioni contenuti nella presente nota legale. Propriet\u00e0 intellettuale Tutti i contenuti pubblicati su questo sito web, compresi testi, grafica, loghi, immagini, nonch\u00e9 la loro disposizione, [\u2026]<\/p>","protected":false},"author":2,"featured_media":0,"parent":0,"menu_order":0,"comment_status":"closed","ping_status":"closed","template":"","meta":{"footnotes":""},"class_list":["post-12","page","type-page","status-publish","hentry"],"_links":{"self":[{"href":"http:\/\/ctrlz.net\/it\/wp-json\/wp\/v2\/pages\/12","targetHints":{"allow":["GET"]}}],"collection":[{"href":"http:\/\/ctrlz.net\/it\/wp-json\/wp\/v2\/pages"}],"about":[{"href":"http:\/\/ctrlz.net\/it\/wp-json\/wp\/v2\/types\/page"}],"author":[{"embeddable":true,"href":"http:\/\/ctrlz.net\/it\/wp-json\/wp\/v2\/users\/2"}],"replies":[{"embeddable":true,"href":"http:\/\/ctrlz.net\/it\/wp-json\/wp\/v2\/comments?post=12"}],"version-history":[{"count":13,"href":"http:\/\/ctrlz.net\/it\/wp-json\/wp\/v2\/pages\/12\/revisions"}],"predecessor-version":[{"id":4249,"href":"http:\/\/ctrlz.net\/it\/wp-json\/wp\/v2\/pages\/12\/revisions\/4249"}],"wp:attachment":[{"href":"http:\/\/ctrlz.net\/it\/wp-json\/wp\/v2\/media?parent=12"}],"curies":[{"name":"parola chiave","href":"https:\/\/api.w.org\/{rel}","templated":true}]}}