{"id":17,"date":"2024-04-18T10:07:03","date_gmt":"2024-04-18T10:07:03","guid":{"rendered":"http:\/\/ctrlz.net\/?page_id=17"},"modified":"2024-05-15T08:18:49","modified_gmt":"2024-05-15T08:18:49","slug":"politica-de-privacidad","status":"publish","type":"page","link":"http:\/\/ctrlz.net\/it\/politica-de-privacidad\/","title":{"rendered":"politica sulla riservatezza"},"content":{"rendered":"<div data-elementor-type=\"wp-page\" data-elementor-id=\"17\" class=\"elementor elementor-17\" data-elementor-post-type=\"page\">\n\t\t\t\t<div class=\"elementor-element elementor-element-423f93f e-flex e-con-boxed e-con e-parent\" data-id=\"423f93f\" data-element_type=\"container\" data-e-type=\"container\" data-settings=\"{&quot;background_background&quot;:&quot;classic&quot;}\">\n\t\t\t\t\t<div class=\"e-con-inner\">\n\t\t\t\t\t<\/div>\n\t\t\t\t<\/div>\n\t\t<div class=\"elementor-element elementor-element-953cb17 e-flex e-con-boxed e-con e-parent\" data-id=\"953cb17\" data-element_type=\"container\" data-e-type=\"container\" data-settings=\"{&quot;background_background&quot;:&quot;classic&quot;}\">\n\t\t\t\t\t<div class=\"e-con-inner\">\n\t\t\t\t<div class=\"elementor-element elementor-element-d0071ef elementor-widget elementor-widget-heading\" data-id=\"d0071ef\" data-element_type=\"widget\" data-e-type=\"widget\" data-widget_type=\"heading.default\">\n\t\t\t\t<div class=\"elementor-widget-container\">\n\t\t\t\t\t<h2 class=\"elementor-heading-title elementor-size-default\">Identificazione del titolare del trattamento<\/h2>\t\t\t\t<\/div>\n\t\t\t\t<\/div>\n\t\t\t\t<div class=\"elementor-element elementor-element-c6f9767 elementor-widget elementor-widget-text-editor\" data-id=\"c6f9767\" data-element_type=\"widget\" data-e-type=\"widget\" data-widget_type=\"text-editor.default\">\n\t\t\t\t<div class=\"elementor-widget-container\">\n\t\t\t\t\t\t\t\t\t<p>Gianluca Stasi, con NIF X5872534J, \u00e8 titolare del trattamento dei tuoi dati personali. Per qualsiasi domanda relativa ai tuoi dati personali, puoi contattarci tramite l&#039;e-mail che appare in fondo alla pagina<\/p>\t\t\t\t\t\t\t\t<\/div>\n\t\t\t\t<\/div>\n\t\t\t\t<div class=\"elementor-element elementor-element-8194e83 elementor-widget elementor-widget-heading\" data-id=\"8194e83\" data-element_type=\"widget\" data-e-type=\"widget\" data-widget_type=\"heading.default\">\n\t\t\t\t<div class=\"elementor-widget-container\">\n\t\t\t\t\t<h2 class=\"elementor-heading-title elementor-size-default\">Raccolta e utilizzo delle informazioni personali<\/h2>\t\t\t\t<\/div>\n\t\t\t\t<\/div>\n\t\t\t\t<div class=\"elementor-element elementor-element-74dd7c1 elementor-widget elementor-widget-text-editor\" data-id=\"74dd7c1\" data-element_type=\"widget\" data-e-type=\"widget\" data-widget_type=\"text-editor.default\">\n\t\t\t\t<div class=\"elementor-widget-container\">\n\t\t\t\t\t\t\t\t\t<p>Impegnati a proteggere la tua privacy, raccogliamo informazioni personali come nome, indirizzo email e numero di telefono, ottenute tramite moduli di contatto, iscrizioni alla newsletter o altre interazioni. Queste informazioni vengono utilizzate per rispondere alle tue domande, migliorare i nostri servizi e, previo tuo consenso, per inviarti informazioni relative alle nostre attivit\u00e0 e novit\u00e0.<\/p>\t\t\t\t\t\t\t\t<\/div>\n\t\t\t\t<\/div>\n\t\t\t\t<div class=\"elementor-element elementor-element-d6ac18e elementor-widget elementor-widget-heading\" data-id=\"d6ac18e\" data-element_type=\"widget\" data-e-type=\"widget\" data-widget_type=\"heading.default\">\n\t\t\t\t<div class=\"elementor-widget-container\">\n\t\t\t\t\t<h2 class=\"elementor-heading-title elementor-size-default\">Sicurezza dei dati<\/h2>\t\t\t\t<\/div>\n\t\t\t\t<\/div>\n\t\t\t\t<div class=\"elementor-element elementor-element-35ee20a elementor-widget elementor-widget-text-editor\" data-id=\"35ee20a\" data-element_type=\"widget\" data-e-type=\"widget\" data-widget_type=\"text-editor.default\">\n\t\t\t\t<div class=\"elementor-widget-container\">\n\t\t\t\t\t\t\t\t\t<p>Adottiamo misure tecniche e organizzative adeguate per proteggere i tuoi dati personali da accessi non autorizzati, modifiche, divulgazione o distruzione impropria. Sebbene garantiamo un elevato livello di sicurezza, \u00e8 importante ricordare che nessun sistema \u00e8 completamente infallibile.<\/p>\t\t\t\t\t\t\t\t<\/div>\n\t\t\t\t<\/div>\n\t\t\t\t<div class=\"elementor-element elementor-element-9316469 elementor-widget elementor-widget-heading\" data-id=\"9316469\" data-element_type=\"widget\" data-e-type=\"widget\" data-widget_type=\"heading.default\">\n\t\t\t\t<div class=\"elementor-widget-container\">\n\t\t\t\t\t<h2 class=\"elementor-heading-title elementor-size-default\">Accesso e rettifica dei dati<\/h2>\t\t\t\t<\/div>\n\t\t\t\t<\/div>\n\t\t\t\t<div class=\"elementor-element elementor-element-19c4156 elementor-widget elementor-widget-text-editor\" data-id=\"19c4156\" data-element_type=\"widget\" data-e-type=\"widget\" data-widget_type=\"text-editor.default\">\n\t\t\t\t<div class=\"elementor-widget-container\">\n\t\t\t\t\t\t\t\t\t<p>Hai il diritto di accesso, rettifica, cancellazione o opposizione al trattamento dei tuoi dati personali. Per esercitare tali diritti, ti preghiamo di contattarci attraverso i mezzi forniti.<\/p>\t\t\t\t\t\t\t\t<\/div>\n\t\t\t\t<\/div>\n\t\t\t\t<div class=\"elementor-element elementor-element-769b1ce elementor-widget elementor-widget-heading\" data-id=\"769b1ce\" data-element_type=\"widget\" data-e-type=\"widget\" data-widget_type=\"heading.default\">\n\t\t\t\t<div class=\"elementor-widget-container\">\n\t\t\t\t\t<h2 class=\"elementor-heading-title elementor-size-default\">Condivisione delle informazioni<\/h2>\t\t\t\t<\/div>\n\t\t\t\t<\/div>\n\t\t\t\t<div class=\"elementor-element elementor-element-7593dcb elementor-widget elementor-widget-text-editor\" data-id=\"7593dcb\" data-element_type=\"widget\" data-e-type=\"widget\" data-widget_type=\"text-editor.default\">\n\t\t\t\t<div class=\"elementor-widget-container\">\n\t\t\t\t\t\t\t\t\t<p>Le tue informazioni personali non saranno vendute, scambiate o affittate a terzi. Condivideremo le informazioni solo con terze parti fidate necessarie per il funzionamento del sito Web e sempre con la tua esplicita autorizzazione.<\/p>\t\t\t\t\t\t\t\t<\/div>\n\t\t\t\t<\/div>\n\t\t\t\t<div class=\"elementor-element elementor-element-74b8bf0 elementor-widget elementor-widget-heading\" data-id=\"74b8bf0\" data-element_type=\"widget\" data-e-type=\"widget\" data-widget_type=\"heading.default\">\n\t\t\t\t<div class=\"elementor-widget-container\">\n\t\t\t\t\t<h2 class=\"elementor-heading-title elementor-size-default\">Modifiche all&#039;informativa sulla privacy<\/h2>\t\t\t\t<\/div>\n\t\t\t\t<\/div>\n\t\t\t\t<div class=\"elementor-element elementor-element-c42c259 elementor-widget elementor-widget-text-editor\" data-id=\"c42c259\" data-element_type=\"widget\" data-e-type=\"widget\" data-widget_type=\"text-editor.default\">\n\t\t\t\t<div class=\"elementor-widget-container\">\n\t\t\t\t\t\t\t\t\t<p>Ci riserviamo il diritto di modificare la presente informativa sulla privacy in qualsiasi momento. Si consiglia di rivedere periodicamente questa politica. Le modifiche saranno efficaci dal momento della pubblicazione sul sito.<\/p>\t\t\t\t\t\t\t\t<\/div>\n\t\t\t\t<\/div>\n\t\t\t\t<div class=\"elementor-element elementor-element-7f97339 elementor-widget elementor-widget-heading\" data-id=\"7f97339\" data-element_type=\"widget\" data-e-type=\"widget\" data-widget_type=\"heading.default\">\n\t\t\t\t<div class=\"elementor-widget-container\">\n\t\t\t\t\t<h2 class=\"elementor-heading-title elementor-size-default\">Contatto<\/h2>\t\t\t\t<\/div>\n\t\t\t\t<\/div>\n\t\t\t\t<div class=\"elementor-element elementor-element-707f959 elementor-widget elementor-widget-text-editor\" data-id=\"707f959\" data-element_type=\"widget\" data-e-type=\"widget\" data-widget_type=\"text-editor.default\">\n\t\t\t\t<div class=\"elementor-widget-container\">\n\t\t\t\t\t\t\t\t\t<p>Per domande sulla presente informativa sulla privacy, contattare Gianluca Stasi all&#039;indirizzo e-mail:<\/p>\t\t\t\t\t\t\t\t<\/div>\n\t\t\t\t<\/div>\n\t\t\t\t<div class=\"elementor-element elementor-element-4924625 elementor-widget elementor-widget-image\" data-id=\"4924625\" data-element_type=\"widget\" data-e-type=\"widget\" data-widget_type=\"image.default\">\n\t\t\t\t<div class=\"elementor-widget-container\">\n\t\t\t\t\t\t\t\t\t\t\t\t\t\t\t<img decoding=\"async\" width=\"162\" height=\"39\" src=\"https:\/\/ctrlz.net\/wp-content\/uploads\/2024\/04\/Frame-2-1.png\" class=\"attachment-medium size-medium wp-image-542\" alt=\"\" srcset=\"https:\/\/ctrlz.net\/wp-content\/uploads\/2024\/04\/Frame-2-1.png 162w, https:\/\/ctrlz.net\/wp-content\/uploads\/2024\/04\/Frame-2-1-18x4.png 18w\" sizes=\"(max-width: 162px) 100vw, 162px\" \/>\t\t\t\t\t\t\t\t\t\t\t\t\t\t\t<\/div>\n\t\t\t\t<\/div>\n\t\t\t\t\t<\/div>\n\t\t\t\t<\/div>\n\t\t<div class=\"elementor-element elementor-element-ffc6f23 e-flex e-con-boxed e-con e-parent\" data-id=\"ffc6f23\" data-element_type=\"container\" data-e-type=\"container\" data-settings=\"{&quot;background_background&quot;:&quot;classic&quot;}\">\n\t\t\t\t\t<div class=\"e-con-inner\">\n\t\t\t\t\t<\/div>\n\t\t\t\t<\/div>\n\t\t\t\t<\/div>","protected":false},"excerpt":{"rendered":"<p>Identificaci\u00f3n del responsable del tratamiento de datos Gianluca Stasi, con NIF X5872534J, es el responsable del tratamiento de sus datos personales. Para cualquier consulta relacionada con sus datos personales, puede contactarnos mediante el email que aparece al final de la p\u00e1gina Recopilaci\u00f3n y uso de informaci\u00f3n personal Comprometidos con la protecci\u00f3n de su privacidad, recopilamos [&hellip;]<\/p>\n","protected":false},"author":2,"featured_media":0,"parent":0,"menu_order":0,"comment_status":"closed","ping_status":"closed","template":"","meta":{"footnotes":""},"class_list":["post-17","page","type-page","status-publish","hentry"],"_links":{"self":[{"href":"http:\/\/ctrlz.net\/it\/wp-json\/wp\/v2\/pages\/17","targetHints":{"allow":["GET"]}}],"collection":[{"href":"http:\/\/ctrlz.net\/it\/wp-json\/wp\/v2\/pages"}],"about":[{"href":"http:\/\/ctrlz.net\/it\/wp-json\/wp\/v2\/types\/page"}],"author":[{"embeddable":true,"href":"http:\/\/ctrlz.net\/it\/wp-json\/wp\/v2\/users\/2"}],"replies":[{"embeddable":true,"href":"http:\/\/ctrlz.net\/it\/wp-json\/wp\/v2\/comments?post=17"}],"version-history":[{"count":22,"href":"http:\/\/ctrlz.net\/it\/wp-json\/wp\/v2\/pages\/17\/revisions"}],"predecessor-version":[{"id":4246,"href":"http:\/\/ctrlz.net\/it\/wp-json\/wp\/v2\/pages\/17\/revisions\/4246"}],"wp:attachment":[{"href":"http:\/\/ctrlz.net\/it\/wp-json\/wp\/v2\/media?parent=17"}],"curies":[{"name":"parola chiave","href":"https:\/\/api.w.org\/{rel}","templated":true}]}}