{"id":26,"date":"2024-04-18T10:08:48","date_gmt":"2024-04-18T10:08:48","guid":{"rendered":"http:\/\/ctrlz.net\/?page_id=26"},"modified":"2025-05-07T11:50:19","modified_gmt":"2025-05-07T11:50:19","slug":"proyectos-de-arquitectura","status":"publish","type":"page","link":"http:\/\/ctrlz.net\/it\/proyectos-de-arquitectura\/","title":{"rendered":"Progetti di architettura"},"content":{"rendered":"<div data-elementor-type=\"wp-page\" data-elementor-id=\"26\" class=\"elementor elementor-26\" data-elementor-post-type=\"page\">\n\t\t\t\t<div class=\"elementor-element elementor-element-50a66ff4 elementor-hidden-desktop elementor-hidden-laptop elementor-hidden-tablet e-flex e-con-boxed e-con e-parent\" data-id=\"50a66ff4\" data-element_type=\"container\" data-e-type=\"container\">\n\t\t\t\t\t<div class=\"e-con-inner\">\n\t\t\t\t<div class=\"elementor-element elementor-element-28a8283 elementor-widget elementor-widget-heading\" data-id=\"28a8283\" data-element_type=\"widget\" data-e-type=\"widget\" data-widget_type=\"heading.default\">\n\t\t\t\t<div class=\"elementor-widget-container\">\n\t\t\t\t\t<h2 class=\"elementor-heading-title elementor-size-default\">Progetti di architettura<\/h2>\t\t\t\t<\/div>\n\t\t\t\t<\/div>\n\t\t\t\t\t<\/div>\n\t\t\t\t<\/div>\n\t\t<div class=\"elementor-element elementor-element-17d062b e-grid e-con-boxed e-con e-parent\" data-id=\"17d062b\" data-element_type=\"container\" data-e-type=\"container\" data-no-translation=\"\">\n\t\t\t\t\t<div class=\"e-con-inner\">\n\t\t<div class=\"elementor-element elementor-element-f17c55f e-grid e-con-boxed e-con e-child\" data-id=\"f17c55f\" data-element_type=\"container\" data-e-type=\"container\">\n\t\t\t\t\t<div class=\"e-con-inner\">\n\t\t<a class=\"elementor-element elementor-element-c8e5dc5 card e-flex e-con-boxed e-con e-child\" data-id=\"c8e5dc5\" data-element_type=\"container\" data-e-type=\"container\" data-settings=\"{&quot;background_background&quot;:&quot;classic&quot;}\" href=\"http:\/\/ctrlz.net\/it\/btr\/\" target=\"_blank\">\n\t\t\t\t\t<div class=\"e-con-inner\">\n\t\t\t\t\t<\/div>\n\t\t\t\t<\/a>\n\t\t<a class=\"elementor-element elementor-element-b8fe530 card e-flex e-con-boxed e-con e-child\" data-id=\"b8fe530\" data-element_type=\"container\" data-e-type=\"container\" data-settings=\"{&quot;background_background&quot;:&quot;classic&quot;}\" href=\"http:\/\/ctrlz.net\/it\/oca-do-curumin-espacio-infantil\/\" target=\"_blank\">\n\t\t\t\t\t<div class=\"e-con-inner\">\n\t\t\t\t\t<\/div>\n\t\t\t\t<\/a>\n\t\t\t\t\t<\/div>\n\t\t\t\t<\/div>\n\t\t<div class=\"elementor-element elementor-element-5f77fc5 e-grid e-con-boxed e-con e-child\" data-id=\"5f77fc5\" data-element_type=\"container\" data-e-type=\"container\">\n\t\t\t\t\t<div class=\"e-con-inner\">\n\t\t<a class=\"elementor-element elementor-element-3e4a4db card e-flex e-con-boxed e-con e-child\" data-id=\"3e4a4db\" data-element_type=\"container\" data-e-type=\"container\" data-settings=\"{&quot;background_background&quot;:&quot;classic&quot;}\" href=\"http:\/\/ctrlz.net\/it\/srb\/\" target=\"_blank\">\n\t\t\t\t\t<div class=\"e-con-inner\">\n\t\t\t\t\t<\/div>\n\t\t\t\t<\/a>\n\t\t<a class=\"elementor-element elementor-element-8a51cdd card e-flex e-con-boxed e-con e-child\" data-id=\"8a51cdd\" data-element_type=\"container\" data-e-type=\"container\" data-settings=\"{&quot;background_background&quot;:&quot;classic&quot;}\" href=\"http:\/\/ctrlz.net\/it\/invernadero-geodesico-de-persianas-reutilizadas\/\" target=\"_blank\">\n\t\t\t\t\t<div class=\"e-con-inner\">\n\t\t\t\t\t<\/div>\n\t\t\t\t<\/a>\n\t\t\t\t\t<\/div>\n\t\t\t\t<\/div>\n\t\t<div class=\"elementor-element elementor-element-c383ece e-flex e-con-boxed e-con e-child\" data-id=\"c383ece\" data-element_type=\"container\" data-e-type=\"container\">\n\t\t\t\t\t<div class=\"e-con-inner\">\n\t\t\t\t<div class=\"elementor-element elementor-element-719a7a7 elementor-widget-divider--view-line elementor-widget elementor-widget-divider\" data-id=\"719a7a7\" data-element_type=\"widget\" data-e-type=\"widget\" data-widget_type=\"divider.default\">\n\t\t\t\t<div class=\"elementor-widget-container\">\n\t\t\t\t\t\t\t<div class=\"elementor-divider\">\n\t\t\t<span class=\"elementor-divider-separator\">\n\t\t\t\t\t\t<\/span>\n\t\t<\/div>\n\t\t\t\t\t\t<\/div>\n\t\t\t\t<\/div>\n\t\t\t\t<div class=\"elementor-element elementor-element-ac7f2a3 elementor-widget elementor-widget-heading\" data-id=\"ac7f2a3\" data-element_type=\"widget\" data-e-type=\"widget\" data-widget_type=\"heading.default\">\n\t\t\t\t<div class=\"elementor-widget-container\">\n\t\t\t\t\t<h2 class=\"elementor-heading-title elementor-size-default\">Progetti di <br>\narchitettura<\/h2>\t\t\t\t<\/div>\n\t\t\t\t<\/div>\n\t\t<div class=\"elementor-element elementor-element-9ecaa48 e-flex e-con-boxed e-con e-child\" data-id=\"9ecaa48\" data-element_type=\"container\" data-e-type=\"container\">\n\t\t\t\t\t<div class=\"e-con-inner\">\n\t\t\t\t<div class=\"elementor-element elementor-element-b4644d0 elementor-widget elementor-widget-text-editor\" data-id=\"b4644d0\" data-element_type=\"widget\" data-e-type=\"widget\" data-widget_type=\"text-editor.default\">\n\t\t\t\t<div class=\"elementor-widget-container\">\n\t\t\t\t\t\t\t\t\t<p>Ctrl+Z svolge attivit\u00e0 di ricerca e divulgazione, pubblicando su riviste accademiche e partecipando a conferenze scientifiche.<\/p>\t\t\t\t\t\t\t\t<\/div>\n\t\t\t\t<\/div>\n\t\t\t\t<div class=\"elementor-element elementor-element-dd2109e elementor-hidden-tablet elementor-hidden-mobile elementor-widget elementor-widget-text-editor\" data-id=\"dd2109e\" data-element_type=\"widget\" data-e-type=\"widget\" data-widget_type=\"text-editor.default\">\n\t\t\t\t<div class=\"elementor-widget-container\">\n\t\t\t\t\t\t\t\t\t<p>La sua carriera professionale \u00e8 stata riconosciuta dal Curry Stone Design Prize, un premio internazionale che mira a valorizzare le carriere professionali di coloro che operano nel campo dell&#8217;architettura con un approccio sociale.<\/p>\t\t\t\t\t\t\t\t<\/div>\n\t\t\t\t<\/div>\n\t\t\t\t\t<\/div>\n\t\t\t\t<\/div>\n\t\t\t\t<div class=\"elementor-element elementor-element-cff0634 elementor-widget-divider--view-line elementor-widget elementor-widget-divider\" data-id=\"cff0634\" data-element_type=\"widget\" data-e-type=\"widget\" data-widget_type=\"divider.default\">\n\t\t\t\t<div class=\"elementor-widget-container\">\n\t\t\t\t\t\t\t<div class=\"elementor-divider\">\n\t\t\t<span class=\"elementor-divider-separator\">\n\t\t\t\t\t\t<\/span>\n\t\t<\/div>\n\t\t\t\t\t\t<\/div>\n\t\t\t\t<\/div>\n\t\t\t\t\t<\/div>\n\t\t\t\t<\/div>\n\t\t\t\t\t<\/div>\n\t\t\t\t<\/div>\n\t\t<div class=\"elementor-element elementor-element-54f3b29 e-grid e-con-boxed e-con e-parent\" data-id=\"54f3b29\" data-element_type=\"container\" data-e-type=\"container\" data-no-translation=\"\">\n\t\t\t\t\t<div class=\"e-con-inner\">\n\t\t<div class=\"elementor-element elementor-element-e31b975 e-grid e-con-boxed e-con e-child\" data-id=\"e31b975\" data-element_type=\"container\" data-e-type=\"container\">\n\t\t\t\t\t<div class=\"e-con-inner\">\n\t\t<a class=\"elementor-element elementor-element-28b2a53 card e-con-full e-flex e-con e-child\" data-id=\"28b2a53\" data-element_type=\"container\" data-e-type=\"container\" data-settings=\"{&quot;background_background&quot;:&quot;classic&quot;}\" href=\"http:\/\/ctrlz.net\/it\/prk\/\" target=\"_blank\">\n\t\t\t\t<\/a>\n\t\t\t\t\t<\/div>\n\t\t\t\t<\/div>\n\t\t<div class=\"elementor-element elementor-element-8c7f688 e-grid e-con-boxed e-con e-child\" data-id=\"8c7f688\" data-element_type=\"container\" data-e-type=\"container\">\n\t\t\t\t\t<div class=\"e-con-inner\">\n\t\t<a class=\"elementor-element elementor-element-49fa2bd card e-flex e-con-boxed e-con e-child\" data-id=\"49fa2bd\" data-element_type=\"container\" data-e-type=\"container\" data-settings=\"{&quot;background_background&quot;:&quot;classic&quot;}\" href=\"http:\/\/ctrlz.net\/it\/a-gota-dagua-atrapaniebla\/\" target=\"_blank\">\n\t\t\t\t\t<div class=\"e-con-inner\">\n\t\t\t\t\t<\/div>\n\t\t\t\t<\/a>\n\t\t\t\t\t<\/div>\n\t\t\t\t<\/div>\n\t\t<div class=\"elementor-element elementor-element-94764ea e-grid e-con-boxed e-con e-child\" data-id=\"94764ea\" data-element_type=\"container\" data-e-type=\"container\">\n\t\t\t\t\t<div class=\"e-con-inner\">\n\t\t<a class=\"elementor-element elementor-element-2cf13fe card e-flex e-con-boxed e-con e-child\" data-id=\"2cf13fe\" data-element_type=\"container\" data-e-type=\"container\" data-settings=\"{&quot;background_background&quot;:&quot;classic&quot;}\" href=\"http:\/\/ctrlz.net\/it\/albergue-del-buen-camino\/\" target=\"_blank\">\n\t\t\t\t\t<div class=\"e-con-inner\">\n\t\t\t\t\t<\/div>\n\t\t\t\t<\/a>\n\t\t\t\t\t<\/div>\n\t\t\t\t<\/div>\n\t\t<a class=\"elementor-element elementor-element-5bec13c card e-con-full e-flex e-con e-child\" data-id=\"5bec13c\" data-element_type=\"container\" data-e-type=\"container\" data-settings=\"{&quot;background_background&quot;:&quot;classic&quot;}\" href=\"http:\/\/ctrlz.net\/it\/el-arbol-sistema-auto-suficiente\/\" target=\"_blank\">\n\t\t\t\t<\/a>\n\t\t<a class=\"elementor-element elementor-element-4542306 card e-con-full e-flex e-con e-child\" data-id=\"4542306\" data-element_type=\"container\" data-e-type=\"container\" data-settings=\"{&quot;background_background&quot;:&quot;classic&quot;}\" href=\"http:\/\/ctrlz.net\/it\/la-banera-espacio-compartido\/\" target=\"_blank\">\n\t\t\t\t<\/a>\n\t\t<a class=\"elementor-element elementor-element-64ea4af card e-con-full e-flex e-con e-child\" data-id=\"64ea4af\" data-element_type=\"container\" data-e-type=\"container\" data-settings=\"{&quot;background_background&quot;:&quot;classic&quot;}\" href=\"http:\/\/ctrlz.net\/it\/hortolab-espacio-creativo\/\" target=\"_blank\">\n\t\t\t\t<\/a>\n\t\t<a class=\"elementor-element elementor-element-e379f58 card e-con-full e-flex e-con e-child\" data-id=\"e379f58\" data-element_type=\"container\" data-e-type=\"container\" data-settings=\"{&quot;background_background&quot;:&quot;classic&quot;}\" href=\"http:\/\/ctrlz.net\/it\/temazcal-sauna-de-vapor-tradicional\/\" target=\"_blank\">\n\t\t\t\t<\/a>\n\t\t<a class=\"elementor-element elementor-element-7aabdbf card e-con-full e-flex e-con e-child\" data-id=\"7aabdbf\" data-element_type=\"container\" data-e-type=\"container\" data-settings=\"{&quot;background_background&quot;:&quot;classic&quot;}\" href=\"http:\/\/ctrlz.net\/it\/ciudadania-activa-acciones-urbanas-en-el-espacio-publico\/\" target=\"_blank\">\n\t\t\t\t<\/a>\n\t\t<a class=\"elementor-element elementor-element-3a39834 card e-con-full e-flex e-con e-child\" data-id=\"3a39834\" data-element_type=\"container\" data-e-type=\"container\" data-settings=\"{&quot;background_background&quot;:&quot;classic&quot;}\" href=\"http:\/\/ctrlz.net\/it\/agrora-espacio-urbano-de-oportunidades-y-contaminacion-cultural\/\" target=\"_blank\">\n\t\t\t\t<\/a>\n\t\t<a class=\"elementor-element elementor-element-11a5b0a card e-con-full e-flex e-con e-child\" data-id=\"11a5b0a\" data-element_type=\"container\" data-e-type=\"container\" data-settings=\"{&quot;background_background&quot;:&quot;classic&quot;}\" href=\"http:\/\/ctrlz.net\/it\/mar\/\" target=\"_blank\">\n\t\t\t\t<\/a>\n\t\t<a class=\"elementor-element elementor-element-05ec725 card e-con-full e-flex e-con e-child\" data-id=\"05ec725\" data-element_type=\"container\" data-e-type=\"container\" data-settings=\"{&quot;background_background&quot;:&quot;classic&quot;}\" href=\"http:\/\/ctrlz.net\/it\/ltr\/\" target=\"_blank\">\n\t\t\t\t<\/a>\n\t\t<a class=\"elementor-element elementor-element-2baaac7 card e-con-full e-flex e-con e-child\" data-id=\"2baaac7\" data-element_type=\"container\" data-e-type=\"container\" data-settings=\"{&quot;background_background&quot;:&quot;classic&quot;}\" href=\"http:\/\/ctrlz.net\/it\/bici-elote-herramienta-de-comunicacion-de-barrio\/\" target=\"_blank\">\n\t\t\t\t<\/a>\n\t\t<a class=\"elementor-element elementor-element-521d6ef card e-con-full e-flex e-con e-child\" data-id=\"521d6ef\" data-element_type=\"container\" data-e-type=\"container\" data-settings=\"{&quot;background_background&quot;:&quot;classic&quot;}\" href=\"http:\/\/ctrlz.net\/it\/camping-ecologico-en-darnius\/\" target=\"_blank\">\n\t\t\t\t<\/a>\n\t\t\t\t\t<\/div>\n\t\t\t\t<\/div>\n\t\t<div class=\"elementor-element elementor-element-3fa139b e-grid e-con-boxed e-con e-parent\" data-id=\"3fa139b\" data-element_type=\"container\" data-e-type=\"container\">\n\t\t\t\t\t<div class=\"e-con-inner\">\n\t\t<a class=\"elementor-element elementor-element-b2cb663 e-flex e-con-boxed e-con e-child\" data-id=\"b2cb663\" data-element_type=\"container\" data-e-type=\"container\" data-settings=\"{&quot;background_background&quot;:&quot;classic&quot;}\" href=\"http:\/\/ctrlz.net\/it\/proyectos-arquitectonicos\/beldi-tribe-proyecto-de-recuperacion-agricola-y-comunitaria\/\">\n\t\t\t\t\t<div class=\"e-con-inner\">\n\t\t\t\t<div class=\"elementor-element elementor-element-a5d7a25 elementor-widget__width-initial elementor-widget elementor-widget-heading\" data-id=\"a5d7a25\" data-element_type=\"widget\" data-e-type=\"widget\" data-widget_type=\"heading.default\">\n\t\t\t\t<div class=\"elementor-widget-container\">\n\t\t\t\t\t<h2 class=\"elementor-heading-title elementor-size-default\">MOSTRE<\/h2>\t\t\t\t<\/div>\n\t\t\t\t<\/div>\n\t\t\t\t<div class=\"elementor-element elementor-element-d22b898 elementor-widget elementor-widget-text-editor\" data-id=\"d22b898\" data-element_type=\"widget\" data-e-type=\"widget\" data-widget_type=\"text-editor.default\">\n\t\t\t\t<div class=\"elementor-widget-container\">\n\t\t\t\t\t\t\t\t\t<ul><li>-XVII Biennale Architettura di Venezia<br \/>Padiglione della Spagna (Vencecia, Italia)<\/li><li>I Biennale d&#039;Architettura di Lione<br \/>La Sucrerie (Lione, Francia)<\/li><li>XV Biennale Architettura di Venezia<br \/>Padiglione Italia (Vencecia, Italia)<\/li><li>Eme3 Festival Internazionale di Architettura<br \/>Fabra y Coats Creation Factory (Barcellona, Spagna)<\/li><li>Devir Menor: Architetture e pratiche spaziali critiche nell&#039;Ibero-America<br \/>Martins Sacramento Society (Guimar\u00e3es, Portogallo)<\/li><li>Urbanit\u00e9s Inattendues. Ev\u00e9nements construits et appropriations de l&#039;espace Urbain.<br \/>Itinerante (Grenoble \u2013 Nantes \u2013 Tolosa, Francia)<\/li><\/ul>\t\t\t\t\t\t\t\t<\/div>\n\t\t\t\t<\/div>\n\t\t\t\t\t<\/div>\n\t\t\t\t<\/a>\n\t\t<a class=\"elementor-element elementor-element-513e984 e-flex e-con-boxed e-con e-child\" data-id=\"513e984\" data-element_type=\"container\" data-e-type=\"container\" data-settings=\"{&quot;background_background&quot;:&quot;classic&quot;}\" href=\"http:\/\/ctrlz.net\/it\/proyectos-arquitectonicos\/beldi-tribe-proyecto-de-recuperacion-agricola-y-comunitaria\/\">\n\t\t\t\t\t<div class=\"e-con-inner\">\n\t\t\t\t<div class=\"elementor-element elementor-element-04309b0 elementor-widget__width-initial elementor-widget elementor-widget-heading\" data-id=\"04309b0\" data-element_type=\"widget\" data-e-type=\"widget\" data-widget_type=\"heading.default\">\n\t\t\t\t<div class=\"elementor-widget-container\">\n\t\t\t\t\t<h2 class=\"elementor-heading-title elementor-size-default\">PREMI E RICONOSCIMENTI<\/h2>\t\t\t\t<\/div>\n\t\t\t\t<\/div>\n\t\t\t\t<div class=\"elementor-element elementor-element-386308d elementor-widget elementor-widget-text-editor\" data-id=\"386308d\" data-element_type=\"widget\" data-e-type=\"widget\" data-widget_type=\"text-editor.default\">\n\t\t\t\t<div class=\"elementor-widget-container\">\n\t\t\t\t\t\t\t\t\t<p>La sua carriera professionale \u00e8 stata riconosciuta dalla <strong>PREMIO DESIGN PIETRA AL CURRY<\/strong>,<br \/>un premio internazionale che mira a evidenziare, onorare e premiare le carriere professionali<br \/>di chi lavora sull\u2019architettura con un approccio sociale, contribuendo a migliorare la<br \/>condizioni di vita quotidiana delle comunit\u00e0 di tutto il mondo.<\/p>\t\t\t\t\t\t\t\t<\/div>\n\t\t\t\t<\/div>\n\t\t\t\t<div class=\"elementor-element elementor-element-0581fa7 elementor-widget elementor-widget-text-editor\" data-id=\"0581fa7\" data-element_type=\"widget\" data-e-type=\"widget\" data-widget_type=\"text-editor.default\">\n\t\t\t\t<div class=\"elementor-widget-container\">\n\t\t\t\t\t\t\t\t\t<ul><li>3\u00b0 Premio classificato del \u201cIV Recycle Art Contest\u201d<\/li><li>3\u00b0 classificato \u201cPremio Festival Internazionale di Architettura eme3_2013\u201d<\/li><li>1\u00b0 classificato \u201cPremio Festival Internazionale di Architettura eme3_2010\u201d<\/li><\/ul>\t\t\t\t\t\t\t\t<\/div>\n\t\t\t\t<\/div>\n\t\t\t\t\t<\/div>\n\t\t\t\t<\/a>\n\t\t<a class=\"elementor-element elementor-element-d48093d e-flex e-con-boxed e-con e-child\" data-id=\"d48093d\" data-element_type=\"container\" data-e-type=\"container\" data-settings=\"{&quot;background_background&quot;:&quot;classic&quot;}\">\n\t\t\t\t\t<div class=\"e-con-inner\">\n\t\t\t\t<div class=\"elementor-element elementor-element-7618d40 elementor-widget elementor-widget-text-editor\" data-id=\"7618d40\" data-element_type=\"widget\" data-e-type=\"widget\" data-widget_type=\"text-editor.default\">\n\t\t\t\t<div class=\"elementor-widget-container\">\n\t\t\t\t\t\t\t\t\t<p><strong>RIVISTE DI ARCHITETTURA:<\/strong><\/p><ul><li><strong>Sunma+ N\u00ba122<\/strong><br \/>Donn SA\/Buenos Aires, Argentina<\/li><li><strong>Ufficio* n\u00ba5<\/strong><br \/>(Anteferma Edizioni Srl, Italia)<\/li><li><strong>Tra le strisce n\u00ba121<\/strong><br \/>Gruppo Editoriale srl \/ Venezia, Italia<\/li><li><strong>Paesaggio cinese e d&#039;oltremare n\u00ba36<\/strong><br \/>Editoria popolare di Jiangsu \/ Pechino, Cina<\/li><li><strong>Zeppelin #100 e #119<\/strong>\u00a0 \u00a0 \u00a0 \u00a0 \u00a0 \u00a0 \u00a0 \u00a0 \u00a0 Associazione Zeppelin \/ Bucarest, Romania<\/li><li><strong>Senza transizione (Francia)<\/strong><br \/>Scop La Maison des Possibili \/ Francia<\/li><li><strong>Zolfo n\u00ba210<\/strong><br \/>Sulphur Publishing, Inc. \/ Toronto, Canada<\/li><\/ul>\t\t\t\t\t\t\t\t<\/div>\n\t\t\t\t<\/div>\n\t\t\t\t\t<\/div>\n\t\t\t\t<\/a>\n\t\t\t\t\t<\/div>\n\t\t\t\t<\/div>\n\t\t<div class=\"elementor-element elementor-element-70178c45 e-flex e-con-boxed e-con e-parent\" data-id=\"70178c45\" data-element_type=\"container\" data-e-type=\"container\">\n\t\t\t\t\t<div class=\"e-con-inner\">\n\t\t\t\t\t<\/div>\n\t\t\t\t<\/div>\n\t\t\t\t<\/div>","protected":false},"excerpt":{"rendered":"<p>Proyectos de arquitectura Ctrl+Z desarrolla actividades de investigaci\u00f3n y divulgaci\u00f3n, publicando en revistas acad\u00e9micas y participando en congresos cient\u00edficos. La trayectoria profesional ha sido reconocida por el Curry Stone Design Prize, premio internacional que busca destacar\u00a0 las trayectorias profesionales de los que trabajan la arquitectura desde un enfoque social. Projects of architecture Ctrl+Z carries out [&hellip;]<\/p>\n","protected":false},"author":2,"featured_media":0,"parent":0,"menu_order":0,"comment_status":"closed","ping_status":"closed","template":"","meta":{"footnotes":""},"class_list":["post-26","page","type-page","status-publish","hentry"],"_links":{"self":[{"href":"http:\/\/ctrlz.net\/it\/wp-json\/wp\/v2\/pages\/26","targetHints":{"allow":["GET"]}}],"collection":[{"href":"http:\/\/ctrlz.net\/it\/wp-json\/wp\/v2\/pages"}],"about":[{"href":"http:\/\/ctrlz.net\/it\/wp-json\/wp\/v2\/types\/page"}],"author":[{"embeddable":true,"href":"http:\/\/ctrlz.net\/it\/wp-json\/wp\/v2\/users\/2"}],"replies":[{"embeddable":true,"href":"http:\/\/ctrlz.net\/it\/wp-json\/wp\/v2\/comments?post=26"}],"version-history":[{"count":208,"href":"http:\/\/ctrlz.net\/it\/wp-json\/wp\/v2\/pages\/26\/revisions"}],"predecessor-version":[{"id":10758,"href":"http:\/\/ctrlz.net\/it\/wp-json\/wp\/v2\/pages\/26\/revisions\/10758"}],"wp:attachment":[{"href":"http:\/\/ctrlz.net\/it\/wp-json\/wp\/v2\/media?parent=26"}],"curies":[{"name":"parola chiave","href":"https:\/\/api.w.org\/{rel}","templated":true}]}}