{"id":26,"date":"2024-04-18T10:08:48","date_gmt":"2024-04-18T10:08:48","guid":{"rendered":"http:\/\/ctrlz.net\/?page_id=26"},"modified":"2025-05-07T11:50:19","modified_gmt":"2025-05-07T11:50:19","slug":"proyectos-de-arquitectura","status":"publish","type":"page","link":"http:\/\/ctrlz.net\/ru\/proyectos-de-arquitectura\/","title":{"rendered":"\u0410\u0440\u0445\u0438\u0442\u0435\u043a\u0442\u0443\u0440\u043d\u044b\u0435 \u043f\u0440\u043e\u0435\u043a\u0442\u044b"},"content":{"rendered":"<div data-elementor-type=\"wp-page\" data-elementor-id=\"26\" class=\"elementor elementor-26\" data-elementor-post-type=\"page\">\n\t\t\t\t<div class=\"elementor-element elementor-element-50a66ff4 elementor-hidden-desktop elementor-hidden-laptop elementor-hidden-tablet e-flex e-con-boxed e-con e-parent\" data-id=\"50a66ff4\" data-element_type=\"container\" data-e-type=\"container\">\n\t\t\t\t\t<div class=\"e-con-inner\">\n\t\t\t\t<div class=\"elementor-element elementor-element-28a8283 elementor-widget elementor-widget-heading\" data-id=\"28a8283\" data-element_type=\"widget\" data-e-type=\"widget\" data-widget_type=\"heading.default\">\n\t\t\t\t<div class=\"elementor-widget-container\">\n\t\t\t\t\t<h2 class=\"elementor-heading-title elementor-size-default\">\u0410\u0440\u0445\u0438\u0442\u0435\u043a\u0442\u0443\u0440\u043d\u044b\u0435 \u043f\u0440\u043e\u0435\u043a\u0442\u044b<\/h2>\t\t\t\t<\/div>\n\t\t\t\t<\/div>\n\t\t\t\t\t<\/div>\n\t\t\t\t<\/div>\n\t\t<div class=\"elementor-element elementor-element-3fa139b e-grid e-con-boxed e-con e-parent\" data-id=\"3fa139b\" data-element_type=\"container\" data-e-type=\"container\">\n\t\t\t\t\t<div class=\"e-con-inner\">\n\t\t<a class=\"elementor-element elementor-element-b2cb663 e-flex e-con-boxed e-con e-child\" data-id=\"b2cb663\" data-element_type=\"container\" data-e-type=\"container\" data-settings=\"{&quot;background_background&quot;:&quot;classic&quot;}\" href=\"http:\/\/ctrlz.net\/ru\/proyectos-arquitectonicos\/beldi-tribe-proyecto-de-recuperacion-agricola-y-comunitaria\/\">\n\t\t\t\t\t<div class=\"e-con-inner\">\n\t\t\t\t<div class=\"elementor-element elementor-element-a5d7a25 elementor-widget__width-initial elementor-widget elementor-widget-heading\" data-id=\"a5d7a25\" data-element_type=\"widget\" data-e-type=\"widget\" data-widget_type=\"heading.default\">\n\t\t\t\t<div class=\"elementor-widget-container\">\n\t\t\t\t\t<h2 class=\"elementor-heading-title elementor-size-default\">\u0412\u042b\u0421\u0422\u0410\u0412\u041a\u0418<\/h2>\t\t\t\t<\/div>\n\t\t\t\t<\/div>\n\t\t\t\t<div class=\"elementor-element elementor-element-d22b898 elementor-widget elementor-widget-text-editor\" data-id=\"d22b898\" data-element_type=\"widget\" data-e-type=\"widget\" data-widget_type=\"text-editor.default\">\n\t\t\t\t<div class=\"elementor-widget-container\">\n\t\t\t\t\t\t\t\t\t<ul><li>-XVII \u0412\u0435\u043d\u0435\u0446\u0438\u0430\u043d\u0441\u043a\u0430\u044f \u0430\u0440\u0445\u0438\u0442\u0435\u043a\u0442\u0443\u0440\u043d\u0430\u044f \u0431\u0438\u0435\u043d\u043d\u0430\u043b\u0435<br \/>\u0418\u0441\u043f\u0430\u043d\u0441\u043a\u0438\u0439 \u043f\u0430\u0432\u0438\u043b\u044c\u043e\u043d (\u0412\u0435\u043d\u0441\u0438\u044f, \u0418\u0442\u0430\u043b\u0438\u044f)<\/li><li>I \u0411\u0438\u0435\u043d\u043d\u0430\u043b\u0435 \u0430\u0440\u0445\u0438\u0442\u0435\u043a\u0442\u0443\u0440\u044b \u0432 \u041b\u0438\u043e\u043d\u0435<br \/>\u041b\u0430 \u0421\u0443\u043a\u0440\u0435\u0440\u0438 (\u041b\u0438\u043e\u043d, \u0424\u0440\u0430\u043d\u0446\u0438\u044f)<\/li><li>XV \u0411\u0438\u0435\u043d\u043d\u0430\u043b\u0435 \u0410\u0440\u0445\u0438\u0442\u0435\u043a\u0442\u0443\u0440\u044b \u0412\u0435\u043d\u0435\u0446\u0438\u0438<br \/>\u0418\u0442\u0430\u043b\u044c\u044f\u043d\u0441\u043a\u0438\u0439 \u043f\u0430\u0432\u0438\u043b\u044c\u043e\u043d (\u0412\u0435\u043d\u0441\u0438\u044f, \u0418\u0442\u0430\u043b\u0438\u044f)<\/li><li>\u041c\u0435\u0436\u0434\u0443\u043d\u0430\u0440\u043e\u0434\u043d\u044b\u0439 \u0430\u0440\u0445\u0438\u0442\u0435\u043a\u0442\u0443\u0440\u043d\u044b\u0439 \u0444\u0435\u0441\u0442\u0438\u0432\u0430\u043b\u044c Eme3<br \/>\u0424\u0430\u0431\u0440\u0438\u043a\u0430 Fabra y Coats Creation (\u0411\u0430\u0440\u0441\u0435\u043b\u043e\u043d\u0430, \u0418\u0441\u043f\u0430\u043d\u0438\u044f)<\/li><li>\u0414\u0435\u0432\u0438\u0440 \u041c\u0435\u043d\u043e\u0440: \u041a\u0440\u0438\u0442\u0438\u0447\u0435\u0441\u043a\u0438\u0435 \u043f\u0440\u043e\u0441\u0442\u0440\u0430\u043d\u0441\u0442\u0432\u0435\u043d\u043d\u044b\u0435 \u0430\u0440\u0445\u0438\u0442\u0435\u043a\u0442\u0443\u0440\u044b \u0438 \u043f\u0440\u0430\u043a\u0442\u0438\u043a\u0438 \u0432 \u0418\u0431\u0435\u0440\u043e-\u0410\u043c\u0435\u0440\u0438\u043a\u0435<br \/>\u041e\u0431\u0449\u0435\u0441\u0442\u0432\u043e \u041c\u0430\u0440\u0442\u0438\u043d\u0448\u0430 \u0421\u0430\u043a\u0440\u0430\u043c\u0435\u043d\u0442\u043e (\u0413\u0438\u043c\u0430\u0440\u0430\u0439\u043d\u0448, \u041f\u043e\u0440\u0442\u0443\u0433\u0430\u043b\u0438\u044f)<\/li><li>Urbanit\u00e9s Inattendues. Ev\u00e9nements construits et apropriations de l&#039;espace Urban.<br \/>\u0421\u0442\u0440\u0430\u043d\u0441\u0442\u0432\u0443\u044e\u0449\u0438\u0439 (\u0413\u0440\u0435\u043d\u043e\u0431\u043b\u044c \u2013 \u041d\u0430\u043d\u0442 \u2013 \u0422\u0443\u043b\u0443\u0437\u0430, \u0424\u0440\u0430\u043d\u0446\u0438\u044f)<\/li><\/ul>\t\t\t\t\t\t\t\t<\/div>\n\t\t\t\t<\/div>\n\t\t\t\t\t<\/div>\n\t\t\t\t<\/a>\n\t\t<a class=\"elementor-element elementor-element-513e984 e-flex e-con-boxed e-con e-child\" data-id=\"513e984\" data-element_type=\"container\" data-e-type=\"container\" data-settings=\"{&quot;background_background&quot;:&quot;classic&quot;}\" href=\"http:\/\/ctrlz.net\/ru\/proyectos-arquitectonicos\/beldi-tribe-proyecto-de-recuperacion-agricola-y-comunitaria\/\">\n\t\t\t\t\t<div class=\"e-con-inner\">\n\t\t\t\t<div class=\"elementor-element elementor-element-04309b0 elementor-widget__width-initial elementor-widget elementor-widget-heading\" data-id=\"04309b0\" data-element_type=\"widget\" data-e-type=\"widget\" data-widget_type=\"heading.default\">\n\t\t\t\t<div class=\"elementor-widget-container\">\n\t\t\t\t\t<h2 class=\"elementor-heading-title elementor-size-default\">\u041d\u0410\u0413\u0420\u0410\u0414\u042b \u0418 \u041f\u0420\u0418\u0417\u041d\u0410\u041d\u0418\u042f<\/h2>\t\t\t\t<\/div>\n\t\t\t\t<\/div>\n\t\t\t\t<div class=\"elementor-element elementor-element-386308d elementor-widget elementor-widget-text-editor\" data-id=\"386308d\" data-element_type=\"widget\" data-e-type=\"widget\" data-widget_type=\"text-editor.default\">\n\t\t\t\t<div class=\"elementor-widget-container\">\n\t\t\t\t\t\t\t\t\t<p>\u0415\u0433\u043e \u043f\u0440\u043e\u0444\u0435\u0441\u0441\u0438\u043e\u043d\u0430\u043b\u044c\u043d\u0430\u044f \u043a\u0430\u0440\u044c\u0435\u0440\u0430 \u0431\u044b\u043b\u0430 \u043f\u0440\u0438\u0437\u043d\u0430\u043d\u0430 <strong>\u041f\u0420\u0418\u0417 \u0417\u0410 \u0414\u0418\u0417\u0410\u0419\u041d \u041a\u0410\u0420\u0420\u0418 \u0421\u0422\u041e\u0423\u041d<\/strong>,<br \/>\u043c\u0435\u0436\u0434\u0443\u043d\u0430\u0440\u043e\u0434\u043d\u0430\u044f \u043d\u0430\u0433\u0440\u0430\u0434\u0430, \u043f\u0440\u0438\u0437\u0432\u0430\u043d\u043d\u0430\u044f \u043f\u043e\u0434\u0447\u0435\u0440\u043a\u043d\u0443\u0442\u044c, \u043e\u0442\u043c\u0435\u0442\u0438\u0442\u044c \u0438 \u0432\u043e\u0437\u043d\u0430\u0433\u0440\u0430\u0434\u0438\u0442\u044c \u043f\u0440\u043e\u0444\u0435\u0441\u0441\u0438\u043e\u043d\u0430\u043b\u044c\u043d\u0443\u044e \u043a\u0430\u0440\u044c\u0435\u0440\u0443.<br \/>\u0442\u0435\u0445, \u043a\u0442\u043e \u0440\u0430\u0431\u043e\u0442\u0430\u0435\u0442 \u043d\u0430\u0434 \u0430\u0440\u0445\u0438\u0442\u0435\u043a\u0442\u0443\u0440\u043e\u0439, \u0438\u0441\u043f\u043e\u043b\u044c\u0437\u0443\u044f \u0441\u043e\u0446\u0438\u0430\u043b\u044c\u043d\u044b\u0439 \u043f\u043e\u0434\u0445\u043e\u0434, \u0441\u043f\u043e\u0441\u043e\u0431\u0441\u0442\u0432\u0443\u044f \u0443\u043b\u0443\u0447\u0448\u0435\u043d\u0438\u044e<br \/>\u0443\u0441\u043b\u043e\u0432\u0438\u044f \u043f\u043e\u0432\u0441\u0435\u0434\u043d\u0435\u0432\u043d\u043e\u0439 \u0436\u0438\u0437\u043d\u0438 \u0441\u043e\u043e\u0431\u0449\u0435\u0441\u0442\u0432 \u043f\u043e \u0432\u0441\u0435\u043c\u0443 \u043c\u0438\u0440\u0443.<\/p>\t\t\t\t\t\t\t\t<\/div>\n\t\t\t\t<\/div>\n\t\t\t\t<div class=\"elementor-element elementor-element-0581fa7 elementor-widget elementor-widget-text-editor\" data-id=\"0581fa7\" data-element_type=\"widget\" data-e-type=\"widget\" data-widget_type=\"text-editor.default\">\n\t\t\t\t<div class=\"elementor-widget-container\">\n\t\t\t\t\t\t\t\t\t<ul><li>3-\u044f \u043a\u043b\u0430\u0441\u0441\u0438\u0444\u0438\u043a\u0430\u0446\u0438\u043e\u043d\u043d\u0430\u044f \u043f\u0440\u0435\u043c\u0438\u044f \u00abIV \u043a\u043e\u043d\u043a\u0443\u0440\u0441\u0430 Recycle Art Contest\u00bb<\/li><li>3 \u043c\u0435\u0441\u0442\u043e \u00ab\u041f\u0440\u0438\u0437 \u041c\u0435\u0436\u0434\u0443\u043d\u0430\u0440\u043e\u0434\u043d\u043e\u0433\u043e \u0430\u0440\u0445\u0438\u0442\u0435\u043a\u0442\u0443\u0440\u043d\u043e\u0433\u043e \u0444\u0435\u0441\u0442\u0438\u0432\u0430\u043b\u044f eme3_2013\u00bb<\/li><li>1 \u043c\u0435\u0441\u0442\u043e \u00ab\u041f\u0440\u0438\u0437 \u041c\u0435\u0436\u0434\u0443\u043d\u0430\u0440\u043e\u0434\u043d\u043e\u0433\u043e \u0430\u0440\u0445\u0438\u0442\u0435\u043a\u0442\u0443\u0440\u043d\u043e\u0433\u043e \u0444\u0435\u0441\u0442\u0438\u0432\u0430\u043b\u044f eme3_2010\u00bb<\/li><\/ul>\t\t\t\t\t\t\t\t<\/div>\n\t\t\t\t<\/div>\n\t\t\t\t\t<\/div>\n\t\t\t\t<\/a>\n\t\t<a class=\"elementor-element elementor-element-d48093d e-flex e-con-boxed e-con e-child\" data-id=\"d48093d\" data-element_type=\"container\" data-e-type=\"container\" data-settings=\"{&quot;background_background&quot;:&quot;classic&quot;}\">\n\t\t\t\t\t<div class=\"e-con-inner\">\n\t\t\t\t<div class=\"elementor-element elementor-element-7618d40 elementor-widget elementor-widget-text-editor\" data-id=\"7618d40\" data-element_type=\"widget\" data-e-type=\"widget\" data-widget_type=\"text-editor.default\">\n\t\t\t\t<div class=\"elementor-widget-container\">\n\t\t\t\t\t\t\t\t\t<p><strong>\u0410\u0420\u0425\u0418\u0422\u0415\u041a\u0422\u0423\u0420\u041d\u042b\u0415 \u0416\u0423\u0420\u041d\u0410\u041b\u042b:<\/strong><\/p><ul><li><strong>\u0421\u0443\u043d\u043c\u0430+ \u2116122<\/strong><br \/>\u0414\u043e\u043d\u043d SA\/\u0411\u0443\u044d\u043d\u043e\u0441-\u0410\u0439\u0440\u0435\u0441, \u0410\u0440\u0433\u0435\u043d\u0442\u0438\u043d\u0430<\/li><li><strong>\u041e\u0444\u0438\u0441* \u21165<\/strong><br \/>(Anteferma Edizioni Srl, \u0418\u0442\u0430\u043b\u0438\u044f)<\/li><li><strong>\u041c\u0435\u0436\u0434\u0443 \u043f\u043e\u043b\u043e\u0441\u0430\u043c\u0438 \u2116121<\/strong><br \/>Editorial Group srl \/ \u0412\u0435\u043d\u0435\u0446\u0438\u044f, \u0418\u0442\u0430\u043b\u0438\u044f<\/li><li><strong>\u041a\u0438\u0442\u0430\u0439\u0441\u043a\u0438\u0439 \u0438 \u0437\u0430\u043c\u043e\u0440\u0441\u043a\u0438\u0439 \u043f\u0435\u0439\u0437\u0430\u0436 \u2116 36<\/strong><br \/>\u041d\u0430\u0440\u043e\u0434\u043d\u043e\u0435 \u0438\u0437\u0434\u0430\u0442\u0435\u043b\u044c\u0441\u0442\u0432\u043e \u0426\u0437\u044f\u043d\u0441\u0443 \/ \u041f\u0435\u043a\u0438\u043d, \u041a\u0438\u0442\u0430\u0439<\/li><li><strong>\u0426\u0435\u043f\u043f\u0435\u043b\u0438\u043d \u2116 100 \u0438 \u2116 119<\/strong>\u00a0 \u00a0 \u00a0 \u00a0 \u00a0 \u00a0 \u00a0 \u00a0 \u00a0 Asociatia Zeppelin \/ \u0411\u0443\u0445\u0430\u0440\u0435\u0441\u0442, \u0420\u0443\u043c\u044b\u043d\u0438\u044f<\/li><li><strong>\u0411\u0435\u0437 \u043f\u0435\u0440\u0435\u0445\u043e\u0434\u0430 (\u0424\u0440\u0430\u043d\u0446\u0438\u044f)<\/strong><br \/>Scop La Maison des Maybes \/ \u0424\u0440\u0430\u043d\u0446\u0438\u044f<\/li><li><strong>\u0421\u0435\u0440\u0430 \u2116210<\/strong><br \/>Sulphur Publishing, Inc. \/ \u0422\u043e\u0440\u043e\u043d\u0442\u043e, \u041a\u0430\u043d\u0430\u0434\u0430<\/li><\/ul>\t\t\t\t\t\t\t\t<\/div>\n\t\t\t\t<\/div>\n\t\t\t\t\t<\/div>\n\t\t\t\t<\/a>\n\t\t\t\t\t<\/div>\n\t\t\t\t<\/div>\n\t\t<div class=\"elementor-element elementor-element-70178c45 e-flex e-con-boxed e-con e-parent\" data-id=\"70178c45\" data-element_type=\"container\" data-e-type=\"container\">\n\t\t\t\t\t<div class=\"e-con-inner\">\n\t\t\t\t\t<\/div>\n\t\t\t\t<\/div>\n\t\t\t\t<\/div>","protected":false},"excerpt":{"rendered":"<p>Proyectos de arquitectura Ctrl+Z desarrolla actividades de investigaci\u00f3n y divulgaci\u00f3n, publicando en revistas acad\u00e9micas y participando en congresos cient\u00edficos. La trayectoria profesional ha sido reconocida por el Curry Stone Design Prize, premio internacional que busca destacar\u00a0 las trayectorias profesionales de los que trabajan la arquitectura desde un enfoque social. Projects of architecture Ctrl+Z carries out [&hellip;]<\/p>\n","protected":false},"author":2,"featured_media":0,"parent":0,"menu_order":0,"comment_status":"closed","ping_status":"closed","template":"","meta":{"footnotes":""},"class_list":["post-26","page","type-page","status-publish","hentry"],"_links":{"self":[{"href":"http:\/\/ctrlz.net\/ru\/wp-json\/wp\/v2\/pages\/26","targetHints":{"allow":["GET"]}}],"collection":[{"href":"http:\/\/ctrlz.net\/ru\/wp-json\/wp\/v2\/pages"}],"about":[{"href":"http:\/\/ctrlz.net\/ru\/wp-json\/wp\/v2\/types\/page"}],"author":[{"embeddable":true,"href":"http:\/\/ctrlz.net\/ru\/wp-json\/wp\/v2\/users\/2"}],"replies":[{"embeddable":true,"href":"http:\/\/ctrlz.net\/ru\/wp-json\/wp\/v2\/comments?post=26"}],"version-history":[{"count":208,"href":"http:\/\/ctrlz.net\/ru\/wp-json\/wp\/v2\/pages\/26\/revisions"}],"predecessor-version":[{"id":10758,"href":"http:\/\/ctrlz.net\/ru\/wp-json\/wp\/v2\/pages\/26\/revisions\/10758"}],"wp:attachment":[{"href":"http:\/\/ctrlz.net\/ru\/wp-json\/wp\/v2\/media?parent=26"}],"curies":[{"name":"WP","href":"https:\/\/api.w.org\/{rel}","templated":true}]}}