{"id":30,"date":"2024-04-18T10:11:08","date_gmt":"2024-04-18T10:11:08","guid":{"rendered":"http:\/\/ctrlz.net\/?page_id=30"},"modified":"2025-03-05T16:30:05","modified_gmt":"2025-03-05T16:30:05","slug":"academia","status":"publish","type":"page","link":"https:\/\/ctrlz.net\/en\/academia\/","title":{"rendered":"Academy"},"content":{"rendered":"<div data-elementor-type=\"wp-page\" data-elementor-id=\"30\" class=\"elementor elementor-30\" data-elementor-post-type=\"page\">\n\t\t\t\t<div class=\"elementor-element elementor-element-d64276d elementor-hidden-desktop elementor-hidden-laptop elementor-hidden-tablet e-flex e-con-boxed e-con e-parent\" data-id=\"d64276d\" data-element_type=\"container\" data-e-type=\"container\">\n\t\t\t\t\t<div class=\"e-con-inner\">\n\t\t\t\t<div class=\"elementor-element elementor-element-29c42d6 elementor-widget elementor-widget-heading\" data-id=\"29c42d6\" data-element_type=\"widget\" data-e-type=\"widget\" data-widget_type=\"heading.default\">\n\t\t\t\t<div class=\"elementor-widget-container\">\n\t\t\t\t\t<h2 class=\"elementor-heading-title elementor-size-default\">Academy<\/h2>\t\t\t\t<\/div>\n\t\t\t\t<\/div>\n\t\t\t\t\t<\/div>\n\t\t\t\t<\/div>\n\t\t<div class=\"elementor-element elementor-element-8f3ea92 e-grid elementor-hidden-tablet elementor-hidden-mobile e-con-boxed e-con e-parent\" data-id=\"8f3ea92\" data-element_type=\"container\" data-e-type=\"container\" data-no-translation=\"\">\n\t\t\t\t\t<div class=\"e-con-inner\">\n\t\t<div class=\"elementor-element elementor-element-7e13298 e-flex e-con-boxed e-con e-child\" data-id=\"7e13298\" data-element_type=\"container\" data-e-type=\"container\">\n\t\t\t\t\t<div class=\"e-con-inner\">\n\t\t<a class=\"elementor-element elementor-element-ffa4c61 card e-flex e-con-boxed e-con e-child\" data-id=\"ffa4c61\" data-element_type=\"container\" data-e-type=\"container\" data-settings=\"{&quot;background_background&quot;:&quot;classic&quot;}\" href=\"https:\/\/ctrlz.net\/en\/wsg\/\" target=\"_blank\">\n\t\t\t\t\t<div class=\"e-con-inner\">\n\t\t\t\t\t<\/div>\n\t\t\t\t<\/a>\n\t\t<a class=\"elementor-element elementor-element-7731a9e card e-flex e-con-boxed e-con e-child\" data-id=\"7731a9e\" data-element_type=\"container\" data-e-type=\"container\" data-settings=\"{&quot;background_background&quot;:&quot;classic&quot;}\" href=\"https:\/\/ctrlz.net\/en\/workshop-arquitectura-participativa\/\" target=\"_blank\">\n\t\t\t\t\t<div class=\"e-con-inner\">\n\t\t\t\t\t<\/div>\n\t\t\t\t<\/a>\n\t\t\t\t\t<\/div>\n\t\t\t\t<\/div>\n\t\t<div class=\"elementor-element elementor-element-7ce5cfe e-flex e-con-boxed e-con e-child\" data-id=\"7ce5cfe\" data-element_type=\"container\" data-e-type=\"container\">\n\t\t\t\t\t<div class=\"e-con-inner\">\n\t\t<a class=\"elementor-element elementor-element-7f5c44e card e-flex e-con-boxed e-con e-child\" data-id=\"7f5c44e\" data-element_type=\"container\" data-e-type=\"container\" data-settings=\"{&quot;background_background&quot;:&quot;classic&quot;}\" href=\"https:\/\/ctrlz.net\/en\/sistema-constructivo-superadobe\/\" target=\"_blank\">\n\t\t\t\t\t<div class=\"e-con-inner\">\n\t\t\t\t\t<\/div>\n\t\t\t\t<\/a>\n\t\t<a class=\"elementor-element elementor-element-db0e31b card e-flex e-con-boxed e-con e-child\" data-id=\"db0e31b\" data-element_type=\"container\" data-e-type=\"container\" data-settings=\"{&quot;background_background&quot;:&quot;classic&quot;}\" href=\"https:\/\/ctrlz.net\/en\/workshop-geodesico-symbioza-34o-easa-festival-2014\/\" target=\"_blank\">\n\t\t\t\t\t<div class=\"e-con-inner\">\n\t\t\t\t\t<\/div>\n\t\t\t\t<\/a>\n\t\t\t\t\t<\/div>\n\t\t\t\t<\/div>\n\t\t<div class=\"elementor-element elementor-element-dc4d6cf e-flex e-con-boxed e-con e-child\" data-id=\"dc4d6cf\" data-element_type=\"container\" data-e-type=\"container\">\n\t\t\t\t\t<div class=\"e-con-inner\">\n\t\t<a class=\"elementor-element elementor-element-3c02f67 e-grid e-con-boxed e-con e-child\" data-id=\"3c02f67\" data-element_type=\"container\" data-e-type=\"container\" data-settings=\"{&quot;background_background&quot;:&quot;classic&quot;}\" href=\"http:\/\/ctrlz.net\/proyectos-arquitectonicos\/beldi-tribe-proyecto-de-recuperacion-agricola-y-comunitaria\/\">\n\t\t\t\t\t<div class=\"e-con-inner\">\n\t\t\t\t<div class=\"elementor-element elementor-element-9279fce elementor-widget-divider--view-line elementor-widget elementor-widget-divider\" data-id=\"9279fce\" data-element_type=\"widget\" data-e-type=\"widget\" data-widget_type=\"divider.default\">\n\t\t\t\t<div class=\"elementor-widget-container\">\n\t\t\t\t\t\t\t<div class=\"elementor-divider\">\n\t\t\t<span class=\"elementor-divider-separator\">\n\t\t\t\t\t\t<\/span>\n\t\t<\/div>\n\t\t\t\t\t\t<\/div>\n\t\t\t\t<\/div>\n\t\t<div class=\"elementor-element elementor-element-ab8ffe0 e-flex e-con-boxed e-con e-child\" data-id=\"ab8ffe0\" data-element_type=\"container\" data-e-type=\"container\">\n\t\t\t\t\t<div class=\"e-con-inner\">\n\t\t<div class=\"elementor-element elementor-element-ee445ba e-con-full e-flex e-con e-child\" data-id=\"ee445ba\" data-element_type=\"container\" data-e-type=\"container\">\n\t\t\t\t<div class=\"elementor-element elementor-element-112374a elementor-widget elementor-widget-text-editor\" data-id=\"112374a\" data-element_type=\"widget\" data-e-type=\"widget\" data-widget_type=\"text-editor.default\">\n\t\t\t\t<div class=\"elementor-widget-container\">\n\t\t\t\t\t\t\t\t\t<p>Ctrl+Z carries out research and dissemination activities, publishing in academic journals and participating in scientific conferences.<\/p>\t\t\t\t\t\t\t\t<\/div>\n\t\t\t\t<\/div>\n\t\t\t\t<div class=\"elementor-element elementor-element-e6ec643 elementor-widget elementor-widget-text-editor\" data-id=\"e6ec643\" data-element_type=\"widget\" data-e-type=\"widget\" data-widget_type=\"text-editor.default\">\n\t\t\t\t<div class=\"elementor-widget-container\">\n\t\t\t\t\t\t\t\t\t<p>The teaching activity is divided between university <strong>courses on urban planning<\/strong>, participatory architecture, interventions in public space and, in general, architectural processes related to social processes,<br \/>participatory architecture, interventions in public space and <strong>in general around architectural processes related to social processes,<\/strong> that focused on construction techniques such as <strong>superadobe<\/strong> or <strong>geodesic domes<\/strong>, and that aimed at primary and secondary school students on subjects such as geometry or sustainability, always accompanied by practical activities.<\/p>\t\t\t\t\t\t\t\t<\/div>\n\t\t\t\t<\/div>\n\t\t\t\t<\/div>\n\t\t\t\t<div class=\"elementor-element elementor-element-271ab1a elementor-widget-divider--view-line elementor-widget elementor-widget-divider\" data-id=\"271ab1a\" data-element_type=\"widget\" data-e-type=\"widget\" data-widget_type=\"divider.default\">\n\t\t\t\t<div class=\"elementor-widget-container\">\n\t\t\t\t\t\t\t<div class=\"elementor-divider\">\n\t\t\t<span class=\"elementor-divider-separator\">\n\t\t\t\t\t\t<\/span>\n\t\t<\/div>\n\t\t\t\t\t\t<\/div>\n\t\t\t\t<\/div>\n\t\t\t\t\t<\/div>\n\t\t\t\t<\/div>\n\t\t\t\t\t<\/div>\n\t\t\t\t<\/a>\n\t\t\t\t\t<\/div>\n\t\t\t\t<\/div>\n\t\t\t\t\t<\/div>\n\t\t\t\t<\/div>\n\t\t<div class=\"elementor-element elementor-element-ecb6bf9 e-grid elementor-hidden-desktop elementor-hidden-laptop e-con-boxed e-con e-parent\" data-id=\"ecb6bf9\" data-element_type=\"container\" data-e-type=\"container\" data-no-translation=\"\">\n\t\t\t\t\t<div class=\"e-con-inner\">\n\t\t<div class=\"elementor-element elementor-element-63ba29f e-flex e-con-boxed e-con e-child\" data-id=\"63ba29f\" data-element_type=\"container\" data-e-type=\"container\">\n\t\t\t\t\t<div class=\"e-con-inner\">\n\t\t<a class=\"elementor-element elementor-element-d21446b card e-flex e-con-boxed e-con e-child\" data-id=\"d21446b\" data-element_type=\"container\" data-e-type=\"container\" data-settings=\"{&quot;background_background&quot;:&quot;classic&quot;}\" href=\"https:\/\/ctrlz.net\/academia\/workshop-cupulas-geodesicas\/\" target=\"_blank\">\n\t\t\t\t\t<div class=\"e-con-inner\">\n\t\t\t\t\t<\/div>\n\t\t\t\t<\/a>\n\t\t<a class=\"elementor-element elementor-element-151e234 card e-flex e-con-boxed e-con e-child\" data-id=\"151e234\" data-element_type=\"container\" data-e-type=\"container\" data-settings=\"{&quot;background_background&quot;:&quot;classic&quot;}\" href=\"https:\/\/ctrlz.net\/en\/workshop-geodesico-symbioza-34o-easa-festival-2014\/\" target=\"_blank\">\n\t\t\t\t\t<div class=\"e-con-inner\">\n\t\t\t\t\t<\/div>\n\t\t\t\t<\/a>\n\t\t\t\t\t<\/div>\n\t\t\t\t<\/div>\n\t\t<div class=\"elementor-element elementor-element-7cbcdd7 e-flex e-con-boxed e-con e-child\" data-id=\"7cbcdd7\" data-element_type=\"container\" data-e-type=\"container\">\n\t\t\t\t\t<div class=\"e-con-inner\">\n\t\t<a class=\"elementor-element elementor-element-39bce2a card e-flex e-con-boxed e-con e-child\" data-id=\"39bce2a\" data-element_type=\"container\" data-e-type=\"container\" data-settings=\"{&quot;background_background&quot;:&quot;classic&quot;}\" href=\"https:\/\/ctrlz.net\/academia\/workshop-superadobe\/\" target=\"_blank\">\n\t\t\t\t\t<div class=\"e-con-inner\">\n\t\t\t\t\t<\/div>\n\t\t\t\t<\/a>\n\t\t<a class=\"elementor-element elementor-element-4f94641 card e-flex e-con-boxed e-con e-child\" data-id=\"4f94641\" data-element_type=\"container\" data-e-type=\"container\" data-settings=\"{&quot;background_background&quot;:&quot;classic&quot;}\" href=\"https:\/\/ctrlz.net\/en\/workshop-arquitectura-participativa\/\" target=\"_blank\">\n\t\t\t\t\t<div class=\"e-con-inner\">\n\t\t\t\t\t<\/div>\n\t\t\t\t<\/a>\n\t\t\t\t\t<\/div>\n\t\t\t\t<\/div>\n\t\t<div class=\"elementor-element elementor-element-35f04c8 e-flex e-con-boxed e-con e-child\" data-id=\"35f04c8\" data-element_type=\"container\" data-e-type=\"container\">\n\t\t\t\t\t<div class=\"e-con-inner\">\n\t\t<div class=\"elementor-element elementor-element-e5917f3 e-con-full e-flex e-con e-child\" data-id=\"e5917f3\" data-element_type=\"container\" data-e-type=\"container\">\n\t\t\t\t<div class=\"elementor-element elementor-element-1a8d439 elementor-widget-divider--view-line elementor-widget elementor-widget-divider\" data-id=\"1a8d439\" data-element_type=\"widget\" data-e-type=\"widget\" data-widget_type=\"divider.default\">\n\t\t\t\t<div class=\"elementor-widget-container\">\n\t\t\t\t\t\t\t<div class=\"elementor-divider\">\n\t\t\t<span class=\"elementor-divider-separator\">\n\t\t\t\t\t\t<\/span>\n\t\t<\/div>\n\t\t\t\t\t\t<\/div>\n\t\t\t\t<\/div>\n\t\t\t\t<div class=\"elementor-element elementor-element-5a3a914 elementor-widget elementor-widget-text-editor\" data-id=\"5a3a914\" data-element_type=\"widget\" data-e-type=\"widget\" data-widget_type=\"text-editor.default\">\n\t\t\t\t<div class=\"elementor-widget-container\">\n\t\t\t\t\t\t\t\t\t<p>The teaching activity is divided between<strong> university courses on urban<\/strong> planning, participatory architecture and, <strong>in general, architectural processes related to social processes,<\/strong> courses on construction techniques such as the <strong>superadobe<\/strong> or <strong>geodesic domes<\/strong>, and courses for primary and secondary school students on subjects such as geometry and sustainability.<\/p>\t\t\t\t\t\t\t\t<\/div>\n\t\t\t\t<\/div>\n\t\t\t\t<div class=\"elementor-element elementor-element-67768e4 elementor-widget-divider--view-line elementor-widget elementor-widget-divider\" data-id=\"67768e4\" data-element_type=\"widget\" data-e-type=\"widget\" data-widget_type=\"divider.default\">\n\t\t\t\t<div class=\"elementor-widget-container\">\n\t\t\t\t\t\t\t<div class=\"elementor-divider\">\n\t\t\t<span class=\"elementor-divider-separator\">\n\t\t\t\t\t\t<\/span>\n\t\t<\/div>\n\t\t\t\t\t\t<\/div>\n\t\t\t\t<\/div>\n\t\t\t\t<\/div>\n\t\t\t\t\t<\/div>\n\t\t\t\t<\/div>\n\t\t\t\t\t<\/div>\n\t\t\t\t<\/div>\n\t\t<div class=\"elementor-element elementor-element-173fd09 e-grid e-con-boxed e-con e-parent\" data-id=\"173fd09\" data-element_type=\"container\" data-e-type=\"container\" data-no-translation=\"\">\n\t\t\t\t\t<div class=\"e-con-inner\">\n\t\t<div class=\"elementor-element elementor-element-5f2be43 e-grid e-con-boxed e-con e-child\" data-id=\"5f2be43\" data-element_type=\"container\" data-e-type=\"container\">\n\t\t\t\t\t<div class=\"e-con-inner\">\n\t\t<a class=\"elementor-element elementor-element-4e23860 card e-flex e-con-boxed e-con e-child\" data-id=\"4e23860\" data-element_type=\"container\" data-e-type=\"container\" data-settings=\"{&quot;background_background&quot;:&quot;classic&quot;}\" href=\"https:\/\/ctrlz.net\/en\/elc\/\" target=\"_blank\">\n\t\t\t\t\t<div class=\"e-con-inner\">\n\t\t\t\t\t<\/div>\n\t\t\t\t<\/a>\n\t\t\t\t\t<\/div>\n\t\t\t\t<\/div>\n\t\t<div class=\"elementor-element elementor-element-9b8c4d1 e-grid e-con-boxed e-con e-child\" data-id=\"9b8c4d1\" data-element_type=\"container\" data-e-type=\"container\">\n\t\t\t\t\t<div class=\"e-con-inner\">\n\t\t<a class=\"elementor-element elementor-element-7fc4e35 card e-flex e-con-boxed e-con e-child\" data-id=\"7fc4e35\" data-element_type=\"container\" data-e-type=\"container\" data-settings=\"{&quot;background_background&quot;:&quot;classic&quot;}\" href=\"https:\/\/ctrlz.net\/en\/geometrias-geodesicas\/\" target=\"_blank\">\n\t\t\t\t\t<div class=\"e-con-inner\">\n\t\t\t\t\t<\/div>\n\t\t\t\t<\/a>\n\t\t\t\t\t<\/div>\n\t\t\t\t<\/div>\n\t\t<div class=\"elementor-element elementor-element-23417b8 e-grid e-con-boxed e-con e-child\" data-id=\"23417b8\" data-element_type=\"container\" data-e-type=\"container\">\n\t\t\t\t\t<div class=\"e-con-inner\">\n\t\t<a class=\"elementor-element elementor-element-11b0189 card e-con-full e-flex e-con e-child\" data-id=\"11b0189\" data-element_type=\"container\" data-e-type=\"container\" data-settings=\"{&quot;background_background&quot;:&quot;classic&quot;}\" href=\"https:\/\/ctrlz.net\/en\/sistema-constructivo-superadobe\/\" target=\"_blank\">\n\t\t\t\t<\/a>\n\t\t\t\t\t<\/div>\n\t\t\t\t<\/div>\n\t\t\t\t\t<\/div>\n\t\t\t\t<\/div>\n\t\t<div class=\"elementor-element elementor-element-169ed3fb e-grid e-con-boxed e-con e-parent\" data-id=\"169ed3fb\" data-element_type=\"container\" data-e-type=\"container\">\n\t\t\t\t\t<div class=\"e-con-inner\">\n\t\t<a class=\"elementor-element elementor-element-7ba73d0e e-flex e-con-boxed e-con e-child\" data-id=\"7ba73d0e\" data-element_type=\"container\" data-e-type=\"container\" data-settings=\"{&quot;background_background&quot;:&quot;classic&quot;}\" href=\"http:\/\/ctrlz.net\/en\/proyectos-arquitectonicos\/beldi-tribe-proyecto-de-recuperacion-agricola-y-comunitaria\/\">\n\t\t\t\t\t<div class=\"e-con-inner\">\n\t\t\t\t<div class=\"elementor-element elementor-element-72950f3a elementor-widget__width-initial elementor-widget elementor-widget-heading\" data-id=\"72950f3a\" data-element_type=\"widget\" data-e-type=\"widget\" data-widget_type=\"heading.default\">\n\t\t\t\t<div class=\"elementor-widget-container\">\n\t\t\t\t\t<h2 class=\"elementor-heading-title elementor-size-default\">courses and presentations<\/h2>\t\t\t\t<\/div>\n\t\t\t\t<\/div>\n\t\t\t\t<div class=\"elementor-element elementor-element-50564d5c elementor-widget elementor-widget-text-editor\" data-id=\"50564d5c\" data-element_type=\"widget\" data-e-type=\"widget\" data-widget_type=\"text-editor.default\">\n\t\t\t\t<div class=\"elementor-widget-container\">\n\t\t\t\t\t\t\t\t\t<p><strong>Complete courses have been developed in collaboration with institutions such as:<\/strong><\/p><ul><li>Escola Superior Art\u00edstica do Porto (Portugal)<\/li><li>Isthmus. School of Architecture and Design of Latin America and the Caribbean (Panama)<\/li><li>CEDIM-Monterrey Center for Advanced Design Studies (Mexico)<\/li><\/ul>\t\t\t\t\t\t\t\t<\/div>\n\t\t\t\t<\/div>\n\t\t\t\t<div class=\"elementor-element elementor-element-4d913b0 elementor-widget elementor-widget-text-editor\" data-id=\"4d913b0\" data-element_type=\"widget\" data-e-type=\"widget\" data-widget_type=\"text-editor.default\">\n\t\t\t\t<div class=\"elementor-widget-container\">\n\t\t\t\t\t\t\t\t\t<p>They have been imparted <strong>modules, seminars or conferences<\/strong> for institutions such as:<\/p><ul><li>University of Malaga (Spain)<\/li><li>Eduardo Torroja Institute of Construction Sciences (Spain)<\/li><li>UNIP Limeira (Brazil)<\/li><li>Accademia delle Belle Arti di Brera (Italy)<\/li><li>Javeriana University of Bogota (Colombia)<\/li><\/ul>\t\t\t\t\t\t\t\t<\/div>\n\t\t\t\t<\/div>\n\t\t\t\t\t<\/div>\n\t\t\t\t<\/a>\n\t\t<a class=\"elementor-element elementor-element-58a97644 e-flex e-con-boxed e-con e-child\" data-id=\"58a97644\" data-element_type=\"container\" data-e-type=\"container\" data-settings=\"{&quot;background_background&quot;:&quot;classic&quot;}\" href=\"http:\/\/ctrlz.net\/en\/proyectos-arquitectonicos\/beldi-tribe-proyecto-de-recuperacion-agricola-y-comunitaria\/\">\n\t\t\t\t\t<div class=\"e-con-inner\">\n\t\t\t\t<div class=\"elementor-element elementor-element-19de0c1e elementor-widget__width-initial elementor-widget elementor-widget-heading\" data-id=\"19de0c1e\" data-element_type=\"widget\" data-e-type=\"widget\" data-widget_type=\"heading.default\">\n\t\t\t\t<div class=\"elementor-widget-container\">\n\t\t\t\t\t<h2 class=\"elementor-heading-title elementor-size-default\">ACADEMIC PUBLICATIONS<\/h2>\t\t\t\t<\/div>\n\t\t\t\t<\/div>\n\t\t\t\t<div class=\"elementor-element elementor-element-2e26a72 elementor-widget elementor-widget-text-editor\" data-id=\"2e26a72\" data-element_type=\"widget\" data-e-type=\"widget\" data-widget_type=\"text-editor.default\">\n\t\t\t\t<div class=\"elementor-widget-container\">\n\t\t\t\t\t\t\t\t\t<p><strong>Indexed journals:<\/strong><\/p><ul><li>Sustainability<br \/>(MPDI Publishing, Switzerland)<\/li><li>Office*<br \/>(Anteferma Edizioni Srl, Italy)<\/li><li>Nexus Network Journal<br \/>(Springer, USA)<\/li><li>Journal Of Mathematics And The Arts<br \/>(Taylor and Francis Ltd., UK)<\/li><\/ul>\t\t\t\t\t\t\t\t<\/div>\n\t\t\t\t<\/div>\n\t\t\t\t<div class=\"elementor-element elementor-element-3b44b1d2 elementor-widget elementor-widget-text-editor\" data-id=\"3b44b1d2\" data-element_type=\"widget\" data-e-type=\"widget\" data-widget_type=\"text-editor.default\">\n\t\t\t\t<div class=\"elementor-widget-container\">\n\t\t\t\t\t\t\t\t\t<p><strong>Book chapters:<\/strong><\/p><ul><li>Polyhedra and Beyond<br \/>(Springer Nature Switzerland AG, Switzerland)<\/li><li>Paradigmi of Tuscan vernacular architecture.<br \/>(Pisa University Press, Italy)<\/li><\/ul>\t\t\t\t\t\t\t\t<\/div>\n\t\t\t\t<\/div>\n\t\t\t\t\t<\/div>\n\t\t\t\t<\/a>\n\t\t<a class=\"elementor-element elementor-element-a44d27a e-flex e-con-boxed e-con e-child\" data-id=\"a44d27a\" data-element_type=\"container\" data-e-type=\"container\" data-settings=\"{&quot;background_background&quot;:&quot;classic&quot;}\" href=\"http:\/\/ctrlz.net\/en\/proyectos-arquitectonicos\/beldi-tribe-proyecto-de-recuperacion-agricola-y-comunitaria\/\">\n\t\t\t\t\t<div class=\"e-con-inner\">\n\t\t\t\t<div class=\"elementor-element elementor-element-119f1d6 elementor-widget__width-initial elementor-widget elementor-widget-heading\" data-id=\"119f1d6\" data-element_type=\"widget\" data-e-type=\"widget\" data-widget_type=\"heading.default\">\n\t\t\t\t<div class=\"elementor-widget-container\">\n\t\t\t\t\t<h2 class=\"elementor-heading-title elementor-size-default\">CONGRESSES<\/h2>\t\t\t\t<\/div>\n\t\t\t\t<\/div>\n\t\t\t\t<div class=\"elementor-element elementor-element-2579ab1 elementor-widget elementor-widget-text-editor\" data-id=\"2579ab1\" data-element_type=\"widget\" data-e-type=\"widget\" data-widget_type=\"text-editor.default\">\n\t\t\t\t<div class=\"elementor-widget-container\">\n\t\t\t\t\t\t\t\t\t<ul><li>MoNGeometrija2020<br \/>Scientific committee member (Belgrade)<\/li><li>Geometrias &#039;19: Polyhedra and beyond<br \/>Speaker (Porto)<\/li><li>Ludic Architecture<br \/>Speaker (Porto)<\/li><li>3rd International Congress on Sustainable Construction and Eco-Efficient Solutions<br \/>Speaker (Seville)<\/li><li>XXX Research Conference and XII Regional SI+ Meeting<br \/>Author (Buenos Aires)<\/li><\/ul>\t\t\t\t\t\t\t\t<\/div>\n\t\t\t\t<\/div>\n\t\t\t\t\t<\/div>\n\t\t\t\t<\/a>\n\t\t\t\t\t<\/div>\n\t\t\t\t<\/div>\n\t\t<div class=\"elementor-element elementor-element-5eead9c8 e-flex e-con-boxed e-con e-parent\" data-id=\"5eead9c8\" data-element_type=\"container\" data-e-type=\"container\">\n\t\t\t\t\t<div class=\"e-con-inner\">\n\t\t\t\t\t<\/div>\n\t\t\t\t<\/div>\n\t\t\t\t<\/div>","protected":false},"excerpt":{"rendered":"<p>Ctrl+Z desarrolla actividades de investigaci\u00f3n y divulgaci\u00f3n, publicando en revistas acad\u00e9micas y participando en congresos cient\u00edficos. La actividad docente se divide entre la universitaria con el desarrollo de cursos de planeamiento urbano,arquitectura participativa, intervenciones en el espacio p\u00fablico y en general alrededor los procesos arquitect\u00f3nicos relacionados a procesos sociales, la enfocada a t\u00e9cnicas constructivas como [&hellip;]<\/p>\n","protected":false},"author":2,"featured_media":0,"parent":0,"menu_order":0,"comment_status":"closed","ping_status":"closed","template":"","meta":{"footnotes":""},"class_list":["post-30","page","type-page","status-publish","hentry"],"_links":{"self":[{"href":"https:\/\/ctrlz.net\/en\/wp-json\/wp\/v2\/pages\/30","targetHints":{"allow":["GET"]}}],"collection":[{"href":"https:\/\/ctrlz.net\/en\/wp-json\/wp\/v2\/pages"}],"about":[{"href":"https:\/\/ctrlz.net\/en\/wp-json\/wp\/v2\/types\/page"}],"author":[{"embeddable":true,"href":"https:\/\/ctrlz.net\/en\/wp-json\/wp\/v2\/users\/2"}],"replies":[{"embeddable":true,"href":"https:\/\/ctrlz.net\/en\/wp-json\/wp\/v2\/comments?post=30"}],"version-history":[{"count":448,"href":"https:\/\/ctrlz.net\/en\/wp-json\/wp\/v2\/pages\/30\/revisions"}],"predecessor-version":[{"id":10209,"href":"https:\/\/ctrlz.net\/en\/wp-json\/wp\/v2\/pages\/30\/revisions\/10209"}],"wp:attachment":[{"href":"https:\/\/ctrlz.net\/en\/wp-json\/wp\/v2\/media?parent=30"}],"curies":[{"name":"wp","href":"https:\/\/api.w.org\/{rel}","templated":true}]}}